{"id":18718,"date":"2023-08-07T20:34:10","date_gmt":"2023-08-07T20:34:10","guid":{"rendered":"https:\/\/academy.cptechmaroc.ma\/lp-term-conditions\/"},"modified":"2024-03-31T20:45:59","modified_gmt":"2024-03-31T20:45:59","slug":"lp-term-conditions","status":"publish","type":"page","link":"https:\/\/cpacademy.ma\/ar\/lp-term-conditions\/","title":{"rendered":"Politique de confidentialit\u00e9"},"content":{"rendered":"<div data-elementor-type=\"wp-page\" data-elementor-id=\"18718\" class=\"elementor elementor-18718\" data-elementor-post-type=\"page\">\n\t\t\t\t\t\t<section class=\"elementor-section elementor-top-section elementor-element elementor-element-a76d5cd elementor-section-boxed elementor-section-height-default elementor-section-height-default\" data-id=\"a76d5cd\" data-element_type=\"section\" data-e-type=\"section\">\n\t\t\t\t\t\t<div class=\"elementor-container elementor-column-gap-default\">\n\t\t\t\t\t<div class=\"elementor-column elementor-col-100 elementor-top-column elementor-element elementor-element-b81e431\" data-id=\"b81e431\" data-element_type=\"column\" data-e-type=\"column\">\n\t\t\t<div class=\"elementor-widget-wrap elementor-element-populated\">\n\t\t\t\t\t\t<div class=\"elementor-element elementor-element-af9dd57 elementor-widget elementor-widget-text-editor\" data-id=\"af9dd57\" data-element_type=\"widget\" data-e-type=\"widget\" data-widget_type=\"text-editor.default\">\n\t\t\t\t<div class=\"elementor-widget-container\">\n\t\t\t\t\t\t\t\t\t<div class=\"vc_row wpb_row vc_row-fluid vc_column-gap-24\"><div class=\"container et-clearfix\"><div class=\"wpb_column vc_column_container vc_col-sm-12 text-align-none\"><div class=\"vc_column-inner\"><div class=\"wpb_wrapper\"><h1 id=\"et-heading-573487\" class=\"et-heading text-align-left tablet-text-align-inherit mobile-text-align-inherit animate-false no-animation-type\" data-delay=\"0\" data-mobile-font=\"inherit\" data-mobile-line-height=\"inherit\" data-tablet-landscape-font=\"inherit\" data-tablet-portrait-font=\"inherit\" data-tablet-landscape-line-height=\"inherit\" data-tablet-portrait-line-height=\"inherit\" data-parallax=\"false\" data-move=\"false\" data-coordinatex=\"0\" data-coordinatey=\"0\" data-speed=\"10\"><span class=\"text-wrapper\"><span class=\"text\">Politique de confidentialit\u00e9<\/span><\/span><\/h1><\/div><\/div><\/div><\/div><\/div><div class=\"vc_row wpb_row vc_row-fluid vc_column-gap-24 vc_row-o-content-middle vc_row-flex vc-row-831029\"><div class=\"container et-clearfix\"><div class=\"wpb_column vc_column_container vc_col-sm-12 text-align-none\"><div class=\"vc_column-inner\"><div class=\"wpb_wrapper\"><div class=\"wpb_text_column wpb_content_element vc_custom_1675651612132\" data-animation-delay=\"0\"><div class=\"wpb_wrapper\"><h4>1. COLLECTE DE L\u2019INFORMATION<\/h4><p>CP Academy recueille des informations lorsque vous vous inscrivez sur notre site, lors de l\u2019inscription \u00e0 la newsletter, sur les formulaires pr\u00e9sents sur le site, lorsque vous vous connectez \u00e0 votre compte, faites un achat, participez \u00e0 un concours, lorsque vous vous d\u00e9connectez. Les informations recueillies incluent votre civilit\u00e9, votre nom, votre adresse e-mail, votre adresse et votre num\u00e9ro de t\u00e9l\u00e9phone.<\/p><p>Nous recevons et enregistrons automatiquement des informations \u00e0 partir de votre ordinateur et navigateur, y compris votre adresse IP, vos logiciels et votre mat\u00e9riel, et la page que vous demandez.<\/p><h4>2. UTILISATION DES INFORMATIONS<\/h4><p>Toutes les informations que nous recueillons aupr\u00e8s de vous peuvent \u00eatre utilis\u00e9es pour :<\/p><ul><li>Personnaliser votre exp\u00e9rience et r\u00e9pondre \u00e0 vos besoins individuels<\/li><li>Fournir un contenu publicitaire personnalis\u00e9<\/li><li>Am\u00e9liorer notre site Web<\/li><li>Am\u00e9liorer le service client et vos besoins de prise en charge<\/li><li>Vous contacter<\/li><li>Administrer un concours, une promotion, ou une enqu\u00eate<\/li><\/ul><h4>3. CONFIDENTIALIT\u00c9 DU COMMERCE EN LIGNE<\/h4><p>Nous sommes les seuls propri\u00e9taires des informations recueillies sur le site. Vos informations personnelles ne seront pas vendues, \u00e9chang\u00e9es, transf\u00e9r\u00e9es, ou donn\u00e9es \u00e0 une autre soci\u00e9t\u00e9 pour n\u2019importe quelle raison, sans votre consentement, en dehors de ce qui est n\u00e9cessaire pour r\u00e9pondre \u00e0 une demande et \/ ou une transaction, comme par exemple pour exp\u00e9dier une commande.<\/p><h4>4. DIVULGATION \u00c0 DES TIERS<\/h4><p>Nous ne vendons, n\u2019\u00e9changeons et ne transf\u00e9rons pas vos informations personnelles identifiables \u00e0 des tiers.<\/p><p>Nous pensons qu\u2019il est n\u00e9cessaire de partager des informations afin d\u2019enqu\u00eater, de pr\u00e9venir ou de prendre des mesures concernant des activit\u00e9s ill\u00e9gales, fraudes pr\u00e9sum\u00e9es, situations impliquant des menaces potentielles \u00e0 la s\u00e9curit\u00e9 physique de toute personne, violations de nos conditions d\u2019utilisation, ou quand la loi nous y contraint.<\/p><p>Les informations non-priv\u00e9es, cependant, peuvent \u00eatre fournies \u00e0 d\u2019autres parties pour le marketing, la publicit\u00e9, ou d\u2019autres utilisations.<\/p><h4>5. PROTECTION DES INFORMATIONS<\/h4><p>Nous mettons en \u0153uvre une vari\u00e9t\u00e9 de mesures de s\u00e9curit\u00e9 pour pr\u00e9server la s\u00e9curit\u00e9 de vos informations personnelles. Nous utilisons un cryptage \u00e0 la pointe de la technologie pour prot\u00e9ger les informations sensibles transmises en ligne. Seuls les employ\u00e9s qui ont besoin d\u2019effectuer un travail sp\u00e9cifique (par exemple, la facturation ou le service \u00e0 la client\u00e8le) ont acc\u00e8s aux informations personnelles identifiables. Les ordinateurs et serveurs utilis\u00e9s pour stocker des informations personnelles identifiables sont conserv\u00e9s dans un environnement s\u00e9curis\u00e9.<\/p><h4>6. L\u2019UTILISATION DE COOKIES<\/h4><h4>EST-CE QUE NOUS UTILISONS DES COOKIES ?<\/h4><p>Nous sommes susceptibles de collecter des donn\u00e9es, gr\u00e2ce aux cookies dispos\u00e9s sur le site. Ils nous permettent d\u2019am\u00e9liorer l\u2019interactivit\u00e9 du site et nos services.<\/p><h4>QU\u2019EST-CE QU\u2019UN \u201cCOOKIE\u201d ?<\/h4><p>Un cookie est un petit fichier texte au format alphanum\u00e9rique d\u00e9pos\u00e9 sur le disque dur de votre ordinateur par le serveur du site visit\u00e9.<\/p><h4>3 TYPES DE COOKIES SONT D\u00c9POS\u00c9S SUR LE SITE DE CP Academy :<\/h4><h4>COOKIES INT\u00c9GR\u00c9S AU SITE (POUR SON BON FONCTIONNEMENT)<\/h4><p>Ces cookies participent au bon fonctionnement du site internet. Il vous est possible de vous y opposer et les supprimer en param\u00e9trant votre navigateur. Toutefois, votre exp\u00e9rience utilisateur risque d\u2019\u00eatre d\u00e9grad\u00e9e.<\/p><h4>COOKIES DE MESURE D\u2019AUDIENCE<\/h4><p>Afin de r\u00e9pondre au mieux aux demandes des visiteurs, nous mesurons le nombre de visites, le nombre de pages vues ainsi que l\u2019activit\u00e9 des visiteurs sur le site. CP Academy utilise Google Analytics comme outil de statistique.<\/p><p>Par ailleurs, nous collectons votre adresse IP. Cette donn\u00e9e permet de d\u00e9terminer la ville depuis laquelle vous vous connectez sur le site. Celle-ci est imm\u00e9diatement anonymis\u00e9e apr\u00e8s utilisation. Nous ne pouvons en aucun cas remonter par ce biais \u00e0 une personne physique.<\/p><p>Les donn\u00e9es personnelles recueillies (identifiant du cookie) sont conserv\u00e9es par CP Academy pour une dur\u00e9e de 5 mois. Elles ne sont pas c\u00e9d\u00e9es \u00e0 des tiers ni utilis\u00e9es \u00e0 d\u2019autres fins. Vous pouvez choisir de refuser les cookies et l\u2019analyse statistique de vos donn\u00e9es de navigation.<\/p><h4>COOKIES TIERS DESTIN\u00c9S \u00c0 AM\u00c9LIORER L\u2019INTERACTIVIT\u00c9 DU SITE.<\/h4><p>CP Academy s\u2019appuie sur certains services propos\u00e9s par des sites tiers. Il s\u2019agit principalement des boutons de partage sur les r\u00e9seaux sociaux.<\/p><p>Ces fonctionnalit\u00e9s utilisent des cookies tiers directement d\u00e9pos\u00e9s par ces services. Lors de votre premi\u00e8re visite sur notre site, un bandeau vous informe de la pr\u00e9sence de ces cookies et vous invite \u00e0 indiquer votre choix. Ils ne sont pas d\u00e9pos\u00e9s si vous refusez. A tout moment, vous pouvez vous informer et param\u00e9trer vos cookies pour les accepter ou les refuser en cliquant sur\u00a0<span class=\"tarteaucitronOpenPanel\">Gestion des cookies<\/span>. Ainsi, vous pourrez param\u00e9trer votre pr\u00e9f\u00e9rence soit pour le site dans sa globalit\u00e9, soit service par service.<\/p><h4>7. SE D\u00c9SABONNER<\/h4><p>Nous utilisons l\u2019adresse e-mail que vous fournissez pour vous envoyer des informations et mises \u00e0 jour relatives \u00e0 votre commande, des nouvelles de l\u2019entreprise de fa\u00e7on occasionnelle, des informations sur des produits li\u00e9s, etc. Si \u00e0 n\u2019importe quel moment vous souhaitez vous d\u00e9sinscrire et ne plus recevoir d\u2019e-mails, des instructions de d\u00e9sabonnement d\u00e9taill\u00e9es sont incluses en haut de chaque e-mail.<\/p><p>Conform\u00e9ment \u00e0 la\u00a0Loi , relative \u00e0 l\u2019informatique, aux fichiers et aux libert\u00e9s, vous pouvez exercer votre droit d\u2019acc\u00e8s aux donn\u00e9es vous concernant et les faire rectifier en contactant\u00a0:<\/p><h4><strong>CP Academy<\/strong><\/h4><ul><li>par mail \u00e0 :\u00a0<a href=\"mailto:contact@cpacademy.ma\"><strong>contact@cpacademy.ma<\/strong><\/a><\/li><li>ou par courrier \u00e0 l\u2019adresse suivante :<\/li><\/ul><p>CP Tech Maroc<br \/>Si\u00e8ge social \/ Bureaux sur RDV N: 530, Pam Bloc 10 \u2013 15400 Tiflet<br \/>Tel : \u00a0<strong><a href=\"tel:0537.51.30.88\">0537.51.30.88<\/a><\/strong><br \/>Du lundi au samedi de 09H30 \u00e0 17H00<\/p><h4>8. CONSENTEMENT<\/h4><p>En utilisant notre site, vous consentez \u00e0 notre politique de confidentialit\u00e9.<\/p><\/div><\/div><\/div><\/div><\/div><\/div><\/div>\t\t\t\t\t\t\t\t<\/div>\n\t\t\t\t<\/div>\n\t\t\t\t\t<\/div>\n\t\t<\/div>\n\t\t\t\t\t<\/div>\n\t\t<\/section>\n\t\t<div class=\"elementor-element elementor-element-aa288e4 e-flex e-con-boxed e-con e-parent\" data-id=\"aa288e4\" data-element_type=\"container\" data-e-type=\"container\">\n\t\t\t\t\t<div class=\"e-con-inner\">\n\t\t\t\t<div class=\"elementor-element elementor-element-77fd859 elementor-widget elementor-widget-spacer\" data-id=\"77fd859\" data-element_type=\"widget\" data-e-type=\"widget\" data-widget_type=\"spacer.default\">\n\t\t\t\t<div class=\"elementor-widget-container\">\n\t\t\t\t\t\t\t<div class=\"elementor-spacer\">\n\t\t\t<div class=\"elementor-spacer-inner\"><\/div>\n\t\t<\/div>\n\t\t\t\t\t\t<\/div>\n\t\t\t\t<\/div>\n\t\t\t\t\t<\/div>\n\t\t\t\t<\/div>\n\t\t\t\t<\/div>","protected":false},"excerpt":{"rendered":"<p>Politique de confidentialit\u00e9 1. COLLECTE DE L\u2019INFORMATION CP Academy recueille des informations lorsque vous vous inscrivez sur notre site, lors de l\u2019inscription \u00e0 la newsletter, sur les formulaires pr\u00e9sents sur le site, lorsque vous vous connectez \u00e0 votre compte, faites &hellip; <\/p>","protected":false},"author":1,"featured_media":0,"parent":0,"menu_order":0,"comment_status":"closed","ping_status":"closed","template":"elementor_header_footer","meta":{"footnotes":""},"class_list":["post-18718","page","type-page","status-publish","hentry"],"_links":{"self":[{"href":"https:\/\/cpacademy.ma\/ar\/wp-json\/wp\/v2\/pages\/18718","targetHints":{"allow":["GET"]}}],"collection":[{"href":"https:\/\/cpacademy.ma\/ar\/wp-json\/wp\/v2\/pages"}],"about":[{"href":"https:\/\/cpacademy.ma\/ar\/wp-json\/wp\/v2\/types\/page"}],"author":[{"embeddable":true,"href":"https:\/\/cpacademy.ma\/ar\/wp-json\/wp\/v2\/users\/1"}],"replies":[{"embeddable":true,"href":"https:\/\/cpacademy.ma\/ar\/wp-json\/wp\/v2\/comments?post=18718"}],"version-history":[{"count":33,"href":"https:\/\/cpacademy.ma\/ar\/wp-json\/wp\/v2\/pages\/18718\/revisions"}],"predecessor-version":[{"id":22648,"href":"https:\/\/cpacademy.ma\/ar\/wp-json\/wp\/v2\/pages\/18718\/revisions\/22648"}],"wp:attachment":[{"href":"https:\/\/cpacademy.ma\/ar\/wp-json\/wp\/v2\/media?parent=18718"}],"curies":[{"name":"wp","href":"https:\/\/api.w.org\/{rel}","templated":true}]}}