{"id":19079,"date":"2023-08-14T17:06:01","date_gmt":"2023-08-14T17:06:01","guid":{"rendered":"https:\/\/academy.cptechmaroc.ma\/?page_id=19079"},"modified":"2024-03-31T20:46:03","modified_gmt":"2024-03-31T20:46:03","slug":"infos-legales","status":"publish","type":"page","link":"https:\/\/cpacademy.ma\/ar\/infos-legales\/","title":{"rendered":"Infos l\u00e9gales"},"content":{"rendered":"<div data-elementor-type=\"wp-page\" data-elementor-id=\"19079\" class=\"elementor elementor-19079\" data-elementor-post-type=\"page\">\n\t\t\t\t\t\t<section class=\"elementor-section elementor-top-section elementor-element elementor-element-35af5f9 elementor-section-boxed elementor-section-height-default elementor-section-height-default\" data-id=\"35af5f9\" data-element_type=\"section\" data-e-type=\"section\">\n\t\t\t\t\t\t<div class=\"elementor-container elementor-column-gap-default\">\n\t\t\t\t\t<div class=\"elementor-column elementor-col-100 elementor-top-column elementor-element elementor-element-19ba679\" data-id=\"19ba679\" data-element_type=\"column\" data-e-type=\"column\">\n\t\t\t<div class=\"elementor-widget-wrap elementor-element-populated\">\n\t\t\t\t\t\t<div class=\"elementor-element elementor-element-42472c4 elementor-widget elementor-widget-text-editor\" data-id=\"42472c4\" data-element_type=\"widget\" data-e-type=\"widget\" data-widget_type=\"text-editor.default\">\n\t\t\t\t<div class=\"elementor-widget-container\">\n\t\t\t\t\t\t\t\t\t<h1>Infos l\u00e9gales<\/h1><h4><strong>OBJET DU SITE<\/strong><\/h4><p>\u00ab\u00a0www.cpacademy.ma\u00a0\u00bb est un site de commerce \u00e9lectronique accessible sur le r\u00e9seau Internet (le \u201d Site \u201c). Le Site propose notamment \u00e0 la vente une s\u00e9lection de formations d&rsquo;\u00e9nergies renouvelables.<\/p><p>\u00c9DITEUR<strong>\u00a0\u2013 CONTACTS<\/strong><\/p><p>Le Site www.cpacademy.ma est \u00e9dit\u00e9 par la soci\u00e9t\u00e9 \u201cCP TECH MAROC\u201d, soci\u00e9t\u00e9 \u00e0 responsabilit\u00e9 limit\u00e9e au capital de 1.000.000,00 dirhams, dont le si\u00e8ge social est N:530 Pam Bloc 10 \u2013 Tiflet \/ Maroc, immatricul\u00e9e au registre du commerce et des soci\u00e9t\u00e9s sous le num\u00e9ro 28213 ayant pour g\u00e9rant Reda Boujja.<\/p><p>Pour tout contact, vous pouvez vous adresser :<\/p><p>par e-mail \u00e0 :\u00a0<a href=\"mailto:contact@cpacademy.ma\"><strong>contact@cpacademy.ma<\/strong><\/a><\/p><p>par t\u00e9l\u00e9phone :\u00a0<strong><a href=\"tel:0537.51.30.88\">0537.51.30.88<\/a><\/strong><\/p><h4><strong>RESPONSABILIT\u00c9<\/strong><\/h4><p>En aucun cas, \u201cCP Academy\u201d ne pourra \u00eatre tenu pour responsable d\u2019un quelconque dommage direct ou indirect de quel que nature que ce soit, d\u00e9coulant de l\u2019utilisation du Site.<\/p><p>\u201cCP Academy\u201d ne peut \u00eatre consid\u00e9r\u00e9 comme responsable des dommages r\u00e9sultant (i) de la perte, de l\u2019alt\u00e9ration ou de l\u2019acc\u00e8s frauduleux \u00e0 des donn\u00e9es, (ii) de la transmission accidentelle, par le biais de l\u2019Internet ou par voie de courrier \u00e9lectronique, de virus ou d\u2019autres \u00e9l\u00e9ments nuisibles, \u201cCP Academy\u201d ne garantit pas que le Site soit disponible de mani\u00e8re continu, sans interruption provisoire, sans suspension ou sans erreur.<\/p><p>\u201cCP Academy\u201d se r\u00e9serve le droit de suspendre ou de retirer du Site tout article qu\u2019il jugera n\u00e9cessaire.<\/p><h4><strong>PROPRI\u00c9T\u00c9 INTELLECTUELLE<\/strong><\/h4><p>Tous les \u00e9l\u00e9ments int\u00e9gr\u00e9s au Site \u201cwww.cpacademy.ma\u201dsont et demeurent la propri\u00e9t\u00e9 exclusive de la soci\u00e9t\u00e9 \u201cCP TECH MAROC\u201d. Tous les droits d\u2019exploitation lui sont exclusivement r\u00e9serv\u00e9s.<\/p><p>Le contenu du Site \u00ab\u00a0www.cpacademy.ma\u00a0\u00bb (notamment les textes, logiciels, architecture, photographies, illustrations, sons, logos, marques, etc.) est prot\u00e9g\u00e9 par la l\u00e9gislation applicable en mati\u00e8re de propri\u00e9t\u00e9 intellectuelle. Dans ces conditions, nul n\u2019est autoris\u00e9 \u00e0 reproduire, exploiter, diffuser ou utiliser \u00e0 quel que titre que ce soit, m\u00eame partiellement, les \u00e9l\u00e9ments composant le Site, sans l\u2019accord pr\u00e9alable et \u00e9crit de \u201cCP Academy\u201d. Les marques et logos de la soci\u00e9t\u00e9 \u201cCP TECH MAROC\u201d sont des marques d\u00e9pos\u00e9es. Toute reproduction constitue, par cons\u00e9quent, une contrefa\u00e7on.<\/p><h4><strong>LIENS HYPERTEXTES<\/strong><\/h4><p>Nul ne peut citer le Site ou mettre en place un lien hypertexte pointant vers l\u2019adresse \u00ab\u00a0www.cpacademy.ma\u00a0\u00bb, sans l\u2019accord pr\u00e9alable et \u00e9crit de \u201cCP Academy\u201d. L\u2019autorisation de mise en place d\u2019un lien hypertexte qui serait donn\u00e9e est valable pour tout support, \u00e0 l\u2019exception de ceux diffusant des informations \u00e0 caract\u00e8re politique, religieux, pornographique, x\u00e9nophobe ou pouvant porter atteinte \u00e0 la sensibilit\u00e9 du plus grand nombre, aux bonnes m\u0153urs ou \u00e0 l\u2019ordre public. \u201cCP Academy\u201d d\u00e9cline toute responsabilit\u00e9 concernant le contenu des sites li\u00e9s au Site.<\/p><p>Les liens mis en place depuis le Site vers des sites ext\u00e9rieurs ne sauraient engager la responsabilit\u00e9 de \u201cCP Academy\u201d notamment au regard du contenu de ces sites mais \u00e9galement des risques techniques. En acceptant d\u2019utiliser un lien hypertexte pour acc\u00e9der \u00e0 un site ext\u00e9rieur, vous acceptez de prendre les risques y aff\u00e9rant et de subir un \u00e9ventuel pr\u00e9judice direct ou indirect.<\/p><h4><strong>DONN\u00c9ES PERSONNELLES<\/strong><\/h4><p>\u201cCP Academy\u201d dispose de moyens informatiques permettant de collecter les donn\u00e9es personnelles des utilisateurs du Site. Les informations collect\u00e9es peuvent faire l\u2019objet d\u2019un traitement automatis\u00e9 lequel est destin\u00e9 \u00e0 l\u2019usage de \u201cCP Academy\u201d pour la gestion des commandes, l\u2019information des utilisateurs sur les offres promotionnelles de \u201cCP Academy\u201d.<\/p><p>Conform\u00e9ment \u00e0 la loi \u201d informatique et libert\u00e9s \u201d , vous b\u00e9n\u00e9ficiez d\u2019un droit d\u2019acc\u00e8s, de rectification ou de suppression des informations qui vous concernent. Si vous souhaitez exercer ce droit et obtenir communication des informations vous concernant, vous pouvez vous adresser :<\/p><p>par e-mail \u00e0 :<a href=\"mailto:contact@cpacademy.ma\"><strong>contact@cpacademy.ma<\/strong><\/a>\u00a0<\/p><p>par courrier \u00e0 l\u2019adresse suivante :\u00a0<strong>N:530 Pam Bloc 10 \u2013 Tiflet \/ Maroc.<\/strong><\/p><p>Vous pouvez \u00e9galement, pour des motifs l\u00e9gitimes, vous opposer au traitement des donn\u00e9es vous concernant. Nous nous engageons \u00e0 prendre toutes pr\u00e9cautions afin de pr\u00e9server la s\u00e9curit\u00e9 de ces informations et notamment emp\u00eacher qu\u2019elles ne soient d\u00e9form\u00e9es, endommag\u00e9es ou communiqu\u00e9es \u00e0 des tiers.<\/p>\t\t\t\t\t\t\t\t<\/div>\n\t\t\t\t<\/div>\n\t\t\t\t\t<\/div>\n\t\t<\/div>\n\t\t\t\t\t<\/div>\n\t\t<\/section>\n\t\t<div class=\"elementor-element elementor-element-82e5420 e-flex e-con-boxed e-con e-parent\" data-id=\"82e5420\" data-element_type=\"container\" data-e-type=\"container\">\n\t\t\t\t\t<div class=\"e-con-inner\">\n\t\t\t\t<div class=\"elementor-element elementor-element-ae46709 elementor-widget elementor-widget-spacer\" data-id=\"ae46709\" data-element_type=\"widget\" data-e-type=\"widget\" data-widget_type=\"spacer.default\">\n\t\t\t\t<div class=\"elementor-widget-container\">\n\t\t\t\t\t\t\t<div class=\"elementor-spacer\">\n\t\t\t<div class=\"elementor-spacer-inner\"><\/div>\n\t\t<\/div>\n\t\t\t\t\t\t<\/div>\n\t\t\t\t<\/div>\n\t\t\t\t\t<\/div>\n\t\t\t\t<\/div>\n\t\t\t\t<\/div>","protected":false},"excerpt":{"rendered":"<p>Infos l\u00e9gales OBJET DU SITE \u00ab\u00a0www.cpacademy.ma\u00a0\u00bb est un site de commerce \u00e9lectronique accessible sur le r\u00e9seau Internet (le \u201d Site \u201c). Le Site propose notamment \u00e0 la vente une s\u00e9lection de formations d&rsquo;\u00e9nergies renouvelables. \u00c9DITEUR\u00a0\u2013 CONTACTS Le Site www.cpacademy.ma est &hellip; <\/p>","protected":false},"author":2,"featured_media":0,"parent":0,"menu_order":0,"comment_status":"closed","ping_status":"closed","template":"elementor_header_footer","meta":{"footnotes":""},"class_list":["post-19079","page","type-page","status-publish","hentry"],"_links":{"self":[{"href":"https:\/\/cpacademy.ma\/ar\/wp-json\/wp\/v2\/pages\/19079","targetHints":{"allow":["GET"]}}],"collection":[{"href":"https:\/\/cpacademy.ma\/ar\/wp-json\/wp\/v2\/pages"}],"about":[{"href":"https:\/\/cpacademy.ma\/ar\/wp-json\/wp\/v2\/types\/page"}],"author":[{"embeddable":true,"href":"https:\/\/cpacademy.ma\/ar\/wp-json\/wp\/v2\/users\/2"}],"replies":[{"embeddable":true,"href":"https:\/\/cpacademy.ma\/ar\/wp-json\/wp\/v2\/comments?post=19079"}],"version-history":[{"count":13,"href":"https:\/\/cpacademy.ma\/ar\/wp-json\/wp\/v2\/pages\/19079\/revisions"}],"predecessor-version":[{"id":22651,"href":"https:\/\/cpacademy.ma\/ar\/wp-json\/wp\/v2\/pages\/19079\/revisions\/22651"}],"wp:attachment":[{"href":"https:\/\/cpacademy.ma\/ar\/wp-json\/wp\/v2\/media?parent=19079"}],"curies":[{"name":"wp","href":"https:\/\/api.w.org\/{rel}","templated":true}]}}