{"id":19093,"date":"2023-08-14T17:12:28","date_gmt":"2023-08-14T17:12:28","guid":{"rendered":"https:\/\/academy.cptechmaroc.ma\/?page_id=19093"},"modified":"2024-04-04T01:27:41","modified_gmt":"2024-04-04T01:27:41","slug":"site-map","status":"publish","type":"page","link":"https:\/\/cpacademy.ma\/ar\/site-map\/","title":{"rendered":"Sitemap"},"content":{"rendered":"<div data-elementor-type=\"wp-page\" data-elementor-id=\"19093\" class=\"elementor elementor-19093\" data-elementor-post-type=\"page\">\n\t\t\t\t\t\t<section class=\"elementor-section elementor-top-section elementor-element elementor-element-55cc256 elementor-section-boxed elementor-section-height-default elementor-section-height-default\" data-id=\"55cc256\" data-element_type=\"section\" data-e-type=\"section\">\n\t\t\t\t\t\t<div class=\"elementor-container elementor-column-gap-default\">\n\t\t\t\t\t<div class=\"elementor-column elementor-col-100 elementor-top-column elementor-element elementor-element-5f0e511\" data-id=\"5f0e511\" data-element_type=\"column\" data-e-type=\"column\">\n\t\t\t<div class=\"elementor-widget-wrap\">\n\t\t\t\t\t\t\t<\/div>\n\t\t<\/div>\n\t\t\t\t\t<\/div>\n\t\t<\/section>\n\t\t<div class=\"elementor-element elementor-element-ff97656 e-flex e-con-boxed e-con e-parent\" data-id=\"ff97656\" data-element_type=\"container\" data-e-type=\"container\">\n\t\t\t\t\t<div class=\"e-con-inner\">\n\t\t\t\t<div class=\"elementor-element elementor-element-bb0de12 elementor-widget elementor-widget-sitemap\" data-id=\"bb0de12\" data-element_type=\"widget\" data-e-type=\"widget\" data-widget_type=\"sitemap.default\">\n\t\t\t\t<div class=\"elementor-widget-container\">\n\t\t\t\t\t<div class=\"elementor-sitemap-wrap\"><div class=\"elementor-sitemap-section\"><h2 class=\"elementor-sitemap-title elementor-sitemap-page-title\">Pages<\/h2><ul class=\"elementor-sitemap-list elementor-sitemap-page-list\"><li class=\"elementor-sitemap-item elementor-sitemap-item-page page_item page-item-23554\"><a href=\"https:\/\/cpacademy.ma\/ar\/formation-sur-terrain-2\/\">Formation Sur Terrain<\/a><\/li><li class=\"elementor-sitemap-item elementor-sitemap-item-page page_item page-item-23553\"><a href=\"https:\/\/cpacademy.ma\/ar\/formation-pompage-solaire-f-2\/\">Formation Pompage Solaire f<\/a><\/li><li class=\"elementor-sitemap-item elementor-sitemap-item-page page_item page-item-23552\"><a href=\"https:\/\/cpacademy.ma\/ar\/formation-on-grid-cp-2\/\">Formation On Grid CP<\/a><\/li><li class=\"elementor-sitemap-item elementor-sitemap-item-page page_item page-item-23551\"><a href=\"https:\/\/cpacademy.ma\/ar\/formation-off-grid-cp-2\/\">Formation Off-Grid CP<\/a><\/li><li class=\"elementor-sitemap-item elementor-sitemap-item-page page_item page-item-23550\"><a href=\"https:\/\/cpacademy.ma\/ar\/formation-hybrid-cp-2\/\">Formation Hybrid CP<\/a><\/li><li class=\"elementor-sitemap-item elementor-sitemap-item-page page_item page-item-23549\"><a href=\"https:\/\/cpacademy.ma\/ar\/formation-de-chauffe-eau-solaire-2\/\">Formation De Chauffe-Eau Solaire<\/a><\/li><li class=\"elementor-sitemap-item elementor-sitemap-item-page page_item page-item-23548\"><a href=\"https:\/\/cpacademy.ma\/ar\/fondamentaux-du-solaire-2\/\">Fondamentaux du Solaire<\/a><\/li><li class=\"elementor-sitemap-item elementor-sitemap-item-page page_item page-item-23464\"><a href=\"https:\/\/cpacademy.ma\/ar\/impact-social\/\">Impact social<\/a><\/li><li class=\"elementor-sitemap-item elementor-sitemap-item-page page_item page-item-23455\"><a href=\"https:\/\/cpacademy.ma\/ar\/tutoriels\/\">Tutoriels<\/a><\/li><li class=\"elementor-sitemap-item elementor-sitemap-item-page page_item page-item-23453\"><a href=\"https:\/\/cpacademy.ma\/ar\/podcasts\/\">Podcasts<\/a><\/li><li class=\"elementor-sitemap-item elementor-sitemap-item-page page_item page-item-23451\"><a href=\"https:\/\/cpacademy.ma\/ar\/formulaire-de-reclamation\/\">Formulaire de r\u00e9clamation<\/a><\/li><li class=\"elementor-sitemap-item elementor-sitemap-item-page page_item page-item-23448\"><a href=\"https:\/\/cpacademy.ma\/ar\/reglement-interieur\/\">R\u00e9glement int\u00e9rieur<\/a><\/li><li class=\"elementor-sitemap-item elementor-sitemap-item-page page_item page-item-23446\"><a href=\"https:\/\/cpacademy.ma\/ar\/devenir-ambassadeur\/\">Devenir ambassadeur<\/a><\/li><li class=\"elementor-sitemap-item elementor-sitemap-item-page page_item page-item-23444\"><a href=\"https:\/\/cpacademy.ma\/ar\/devenir-professeur\/\">Devenir professeur<\/a><\/li><li class=\"elementor-sitemap-item elementor-sitemap-item-page page_item page-item-23442\"><a href=\"https:\/\/cpacademy.ma\/ar\/devenir-partenaire\/\">Devenir partenaire<\/a><\/li><li class=\"elementor-sitemap-item elementor-sitemap-item-page page_item page-item-23417\"><a href=\"https:\/\/cpacademy.ma\/ar\/centre-daide\/\">Centre d&rsquo;aide<\/a><\/li><li class=\"elementor-sitemap-item elementor-sitemap-item-page page_item page-item-22672\"><a href=\"https:\/\/cpacademy.ma\/ar\/invistisseurs\/\">Invistisseurs<\/a><\/li><li class=\"elementor-sitemap-item elementor-sitemap-item-page page_item page-item-19329\"><a href=\"https:\/\/cpacademy.ma\/ar\/formation-en-presentiel\/\">Formation en pr\u00e9sentiel<\/a><\/li><li class=\"elementor-sitemap-item elementor-sitemap-item-page page_item page-item-19125\"><a href=\"https:\/\/cpacademy.ma\/ar\/cursus\/\">Cursus<\/a><\/li><li class=\"elementor-sitemap-item elementor-sitemap-item-page page_item page-item-19093\"><a href=\"https:\/\/cpacademy.ma\/ar\/site-map\/\">Sitemap<\/a><\/li><li class=\"elementor-sitemap-item elementor-sitemap-item-page page_item page-item-19079\"><a href=\"https:\/\/cpacademy.ma\/ar\/infos-legales\/\">Infos l\u00e9gales<\/a><\/li><li class=\"elementor-sitemap-item elementor-sitemap-item-page page_item page-item-19060\"><a href=\"https:\/\/cpacademy.ma\/ar\/conditions-generales-de-ventes\/\">Conditions G\u00e9n\u00e9rales de Ventes<\/a><\/li><li class=\"elementor-sitemap-item elementor-sitemap-item-page page_item page-item-18718\"><a href=\"https:\/\/cpacademy.ma\/ar\/lp-term-conditions\/\">Politique de confidentialit\u00e9<\/a><\/li><li class=\"elementor-sitemap-item elementor-sitemap-item-page page_item page-item-18717\"><a href=\"https:\/\/cpacademy.ma\/ar\/lp-become-a-teacher\/\">Become A Teacher<\/a><\/li><li class=\"elementor-sitemap-item elementor-sitemap-item-page page_item page-item-18716\"><a href=\"https:\/\/cpacademy.ma\/ar\/instructor\/\">Instructor<\/a><\/li><li class=\"elementor-sitemap-item elementor-sitemap-item-page page_item page-item-18715\"><a href=\"https:\/\/cpacademy.ma\/ar\/instructors\/\">Pr\u00e9sentiel<\/a><\/li><li class=\"elementor-sitemap-item elementor-sitemap-item-page page_item page-item-18714\"><a href=\"https:\/\/cpacademy.ma\/ar\/formations\/\">Formations<\/a><\/li><li class=\"elementor-sitemap-item elementor-sitemap-item-page page_item page-item-18713\"><a href=\"https:\/\/cpacademy.ma\/ar\/lp-profile\/\">Profile<\/a><\/li><li class=\"elementor-sitemap-item elementor-sitemap-item-page page_item page-item-18712\"><a href=\"https:\/\/cpacademy.ma\/ar\/lp-checkout\/\">Checkout<\/a><\/li><li class=\"elementor-sitemap-item elementor-sitemap-item-page page_item page-item-16723\"><a href=\"https:\/\/cpacademy.ma\/ar\/instructor-2\/\">Instructor<\/a><\/li><li class=\"elementor-sitemap-item elementor-sitemap-item-page page_item page-item-16722\"><a href=\"https:\/\/cpacademy.ma\/ar\/instructors-2\/\">Instructors<\/a><\/li><li class=\"elementor-sitemap-item elementor-sitemap-item-page page_item page-item-13907\"><a href=\"https:\/\/cpacademy.ma\/ar\/home\/\">Home<\/a><\/li><li class=\"elementor-sitemap-item elementor-sitemap-item-page page_item page-item-13471\"><a href=\"https:\/\/cpacademy.ma\/ar\/portfolio-masonry-2\/\">Portfolio Masonry 2<\/a><\/li><li class=\"elementor-sitemap-item elementor-sitemap-item-page page_item page-item-6519\"><a href=\"https:\/\/cpacademy.ma\/ar\/membership-account\/membership-levels\/\">Membership Levels<\/a><\/li><li class=\"elementor-sitemap-item elementor-sitemap-item-page page_item page-item-6518\"><a href=\"https:\/\/cpacademy.ma\/ar\/membership-account\/membership-invoice\/\">Membership Invoice<\/a><\/li><li class=\"elementor-sitemap-item elementor-sitemap-item-page page_item page-item-6517\"><a href=\"https:\/\/cpacademy.ma\/ar\/membership-account\/membership-confirmation\/\">Membership Confirmation<\/a><\/li><li class=\"elementor-sitemap-item elementor-sitemap-item-page page_item page-item-6516\"><a href=\"https:\/\/cpacademy.ma\/ar\/membership-account\/membership-checkout\/\">Membership Checkout<\/a><\/li><li class=\"elementor-sitemap-item elementor-sitemap-item-page page_item page-item-6515\"><a href=\"https:\/\/cpacademy.ma\/ar\/membership-account\/membership-cancel\/\">Membership Cancel<\/a><\/li><li class=\"elementor-sitemap-item elementor-sitemap-item-page page_item page-item-6514\"><a href=\"https:\/\/cpacademy.ma\/ar\/membership-account\/membership-billing\/\">Membership Billing<\/a><\/li><li class=\"elementor-sitemap-item elementor-sitemap-item-page page_item page-item-6513\"><a href=\"https:\/\/cpacademy.ma\/ar\/membership-account\/\">Membership Account<\/a><\/li><li class=\"elementor-sitemap-item elementor-sitemap-item-page page_item page-item-4997\"><a href=\"https:\/\/cpacademy.ma\/ar\/lp-become-a-teacher-2\/\">LP Become A Teacher<\/a><\/li><li class=\"elementor-sitemap-item elementor-sitemap-item-page page_item page-item-4996\"><a href=\"https:\/\/cpacademy.ma\/ar\/courses-2\/\">Courses<\/a><\/li><li class=\"elementor-sitemap-item elementor-sitemap-item-page page_item page-item-4995\"><a href=\"https:\/\/cpacademy.ma\/ar\/lp-profile-2\/\">LP Profile<\/a><\/li><li class=\"elementor-sitemap-item elementor-sitemap-item-page page_item page-item-4993\"><a href=\"https:\/\/cpacademy.ma\/ar\/lp-checkout-2\/\">LP Checkout<\/a><\/li><li class=\"elementor-sitemap-item elementor-sitemap-item-page page_item page-item-4526\"><a href=\"https:\/\/cpacademy.ma\/ar\/gallery\/\">Gallery<\/a><\/li><li class=\"elementor-sitemap-item elementor-sitemap-item-page page_item page-item-4424\"><a href=\"https:\/\/cpacademy.ma\/ar\/portfolio-masonry\/\">Portfolio Masonry<\/a><\/li><li class=\"elementor-sitemap-item elementor-sitemap-item-page page_item page-item-2958\"><a href=\"https:\/\/cpacademy.ma\/ar\/account\/\">Account<\/a><\/li><li class=\"elementor-sitemap-item elementor-sitemap-item-page page_item page-item-2901\"><a href=\"https:\/\/cpacademy.ma\/ar\/about-us\/\">About Us<\/a><\/li><li class=\"elementor-sitemap-item elementor-sitemap-item-page page_item page-item-2780\"><a href=\"https:\/\/cpacademy.ma\/ar\/become-an-instructor\/\">Become an Instructor<\/a><\/li><li class=\"elementor-sitemap-item elementor-sitemap-item-page page_item page-item-1700\"><a href=\"https:\/\/cpacademy.ma\/ar\/my-account\/\">My Account<\/a><\/li><li class=\"elementor-sitemap-item elementor-sitemap-item-page page_item page-item-1699\"><a href=\"https:\/\/cpacademy.ma\/ar\/checkout\/\">Checkout<\/a><\/li><li class=\"elementor-sitemap-item elementor-sitemap-item-page page_item page-item-1698\"><a href=\"https:\/\/cpacademy.ma\/ar\/cart\/\">Cart<\/a><\/li><li class=\"elementor-sitemap-item elementor-sitemap-item-page page_item page-item-1697\"><a href=\"https:\/\/cpacademy.ma\/ar\/shop\/\">Shop<\/a><\/li><li class=\"elementor-sitemap-item elementor-sitemap-item-page page_item page-item-125 current_page_parent\"><a href=\"https:\/\/cpacademy.ma\/ar\/blog-3\/\">Blog<\/a><\/li><li class=\"elementor-sitemap-item elementor-sitemap-item-page page_item page-item-91\"><a href=\"https:\/\/cpacademy.ma\/ar\/faqs-2\/\">FAQs<\/a><\/li><li class=\"elementor-sitemap-item elementor-sitemap-item-page page_item page-item-89\"><a href=\"https:\/\/cpacademy.ma\/ar\/maintenance\/\">Maintenance<\/a><\/li><li class=\"elementor-sitemap-item elementor-sitemap-item-page page_item page-item-87\"><a href=\"https:\/\/cpacademy.ma\/ar\/\">Accueil<\/a><\/li><li class=\"elementor-sitemap-item elementor-sitemap-item-page page_item page-item-8\"><a href=\"https:\/\/cpacademy.ma\/ar\/profile\/\">Profile<\/a><\/li><\/ul><\/div><div class=\"elementor-sitemap-section\"><h2 class=\"elementor-sitemap-title elementor-sitemap-category-title\">Categories<\/h2><ul class=\"elementor-sitemap-list elementor-sitemap-category-list\">\t<li class=\"elementor-sitemap-item elementor-sitemap-item-category cat-item cat-item-213\"><a href=\"https:\/\/cpacademy.ma\/ar\/category\/tutoriels\/\">Tutoriels<\/a>\n<\/li>\n\t<li class=\"elementor-sitemap-item elementor-sitemap-item-category cat-item cat-item-21\"><a href=\"https:\/\/cpacademy.ma\/ar\/category\/tendances-du-marche\/\">Tendances du March\u00e9<\/a>\n<\/li>\n\t<li class=\"elementor-sitemap-item elementor-sitemap-item-category cat-item cat-item-156\"><a href=\"https:\/\/cpacademy.ma\/ar\/category\/temoignages-dexperts\/\">T\u00e9moignages d&#039;Experts<\/a>\n<\/li>\n\t<li class=\"elementor-sitemap-item elementor-sitemap-item-category cat-item cat-item-189\"><a href=\"https:\/\/cpacademy.ma\/ar\/category\/technologie-et-innovation\/\">Technologie et Innovation<\/a>\n<\/li>\n\t<li class=\"elementor-sitemap-item elementor-sitemap-item-category cat-item cat-item-187\"><a href=\"https:\/\/cpacademy.ma\/ar\/category\/sante-et-securite\/\">Sant\u00e9 et S\u00e9curit\u00e9<\/a>\n<\/li>\n\t<li class=\"elementor-sitemap-item elementor-sitemap-item-category cat-item cat-item-212\"><a href=\"https:\/\/cpacademy.ma\/ar\/category\/projets\/\">Projets<\/a>\n<\/li>\n\t<li class=\"elementor-sitemap-item elementor-sitemap-item-category cat-item cat-item-19\"><a href=\"https:\/\/cpacademy.ma\/ar\/category\/politiques-et-reglementations\/\">Politiques et R\u00e9glementations<\/a>\n<\/li>\n\t<li class=\"elementor-sitemap-item elementor-sitemap-item-category cat-item cat-item-154\"><a href=\"https:\/\/cpacademy.ma\/ar\/category\/innovations-en-energie-renouvelable\/\">Innovations en \u00c9nergie Renouvelable<\/a>\n<\/li>\n\t<li class=\"elementor-sitemap-item elementor-sitemap-item-category cat-item cat-item-188\"><a href=\"https:\/\/cpacademy.ma\/ar\/category\/impact-social-et-communautaire\/\">Impact Social et Communautaire<\/a>\n<\/li>\n\t<li class=\"elementor-sitemap-item elementor-sitemap-item-category cat-item cat-item-18\"><a href=\"https:\/\/cpacademy.ma\/ar\/category\/guides-et-tutoriels\/\">Guides et Tutoriels<\/a>\n<\/li>\n\t<li class=\"elementor-sitemap-item elementor-sitemap-item-category cat-item cat-item-215\"><a href=\"https:\/\/cpacademy.ma\/ar\/category\/financements\/\">Financements<\/a>\n<\/li>\n\t<li class=\"elementor-sitemap-item elementor-sitemap-item-category cat-item cat-item-20\"><a href=\"https:\/\/cpacademy.ma\/ar\/category\/finance-verte-et-subventions\/\">Finance Verte et Subventions<\/a>\n<\/li>\n\t<li class=\"elementor-sitemap-item elementor-sitemap-item-category cat-item cat-item-17\"><a href=\"https:\/\/cpacademy.ma\/ar\/category\/etudes-de-cas\/\">\u00c9tudes de Cas<\/a>\n<\/li>\n\t<li class=\"elementor-sitemap-item elementor-sitemap-item-category cat-item cat-item-155\"><a href=\"https:\/\/cpacademy.ma\/ar\/category\/developpement-durable\/\">D\u00e9veloppement Durable<\/a>\n<\/li>\n\t<li class=\"elementor-sitemap-item elementor-sitemap-item-category cat-item cat-item-16\"><a href=\"https:\/\/cpacademy.ma\/ar\/category\/conseils-de-carriere\/\">Conseils de Carri\u00e8re<\/a>\n<\/li>\n<\/ul><\/div><\/div>\t\t\t\t<\/div>\n\t\t\t\t<\/div>\n\t\t\t\t\t<\/div>\n\t\t\t\t<\/div>\n\t\t\t\t<\/div>","protected":false},"excerpt":{"rendered":"","protected":false},"author":2,"featured_media":0,"parent":0,"menu_order":0,"comment_status":"closed","ping_status":"closed","template":"elementor_header_footer","meta":{"footnotes":""},"class_list":["post-19093","page","type-page","status-publish","hentry"],"_links":{"self":[{"href":"https:\/\/cpacademy.ma\/ar\/wp-json\/wp\/v2\/pages\/19093","targetHints":{"allow":["GET"]}}],"collection":[{"href":"https:\/\/cpacademy.ma\/ar\/wp-json\/wp\/v2\/pages"}],"about":[{"href":"https:\/\/cpacademy.ma\/ar\/wp-json\/wp\/v2\/types\/page"}],"author":[{"embeddable":true,"href":"https:\/\/cpacademy.ma\/ar\/wp-json\/wp\/v2\/users\/2"}],"replies":[{"embeddable":true,"href":"https:\/\/cpacademy.ma\/ar\/wp-json\/wp\/v2\/comments?post=19093"}],"version-history":[{"count":13,"href":"https:\/\/cpacademy.ma\/ar\/wp-json\/wp\/v2\/pages\/19093\/revisions"}],"predecessor-version":[{"id":22766,"href":"https:\/\/cpacademy.ma\/ar\/wp-json\/wp\/v2\/pages\/19093\/revisions\/22766"}],"wp:attachment":[{"href":"https:\/\/cpacademy.ma\/ar\/wp-json\/wp\/v2\/media?parent=19093"}],"curies":[{"name":"wp","href":"https:\/\/api.w.org\/{rel}","templated":true}]}}