{"id":19329,"date":"2023-08-19T18:36:59","date_gmt":"2023-08-19T18:36:59","guid":{"rendered":"https:\/\/academy.cptechmaroc.ma\/?page_id=19329"},"modified":"2023-08-19T19:02:44","modified_gmt":"2023-08-19T19:02:44","slug":"formation-en-presentiel","status":"publish","type":"page","link":"https:\/\/cpacademy.ma\/ar\/formation-en-presentiel\/","title":{"rendered":"Formation en pr\u00e9sentiel"},"content":{"rendered":"<div data-elementor-type=\"wp-page\" data-elementor-id=\"19329\" class=\"elementor elementor-19329\" data-elementor-post-type=\"page\">\n\t\t\t\t\t\t<section class=\"elementor-section elementor-top-section elementor-element elementor-element-f07628e elementor-section-boxed elementor-section-height-default elementor-section-height-default\" data-id=\"f07628e\" data-element_type=\"section\" data-e-type=\"section\">\n\t\t\t\t\t\t<div class=\"elementor-container elementor-column-gap-default\">\n\t\t\t\t\t<div class=\"elementor-column elementor-col-50 elementor-top-column elementor-element elementor-element-843ba35\" data-id=\"843ba35\" data-element_type=\"column\" data-e-type=\"column\">\n\t\t\t<div class=\"elementor-widget-wrap elementor-element-populated\">\n\t\t\t\t\t\t<div class=\"elementor-element elementor-element-b11b21e elementor-widget elementor-widget-video\" data-id=\"b11b21e\" data-element_type=\"widget\" data-e-type=\"widget\" data-settings=\"{&quot;youtube_url&quot;:&quot;https:\\\/\\\/www.youtube.com\\\/watch?v=a69LCVn_thE&quot;,&quot;video_type&quot;:&quot;youtube&quot;,&quot;controls&quot;:&quot;yes&quot;}\" data-widget_type=\"video.default\">\n\t\t\t\t<div class=\"elementor-widget-container\">\n\t\t\t\t\t\t\t<div class=\"elementor-wrapper elementor-open-inline\">\n\t\t\t<div class=\"elementor-video\"><\/div>\t\t<\/div>\n\t\t\t\t\t\t<\/div>\n\t\t\t\t<\/div>\n\t\t\t\t\t<\/div>\n\t\t<\/div>\n\t\t\t\t<div class=\"elementor-column elementor-col-50 elementor-top-column elementor-element elementor-element-96c9a6f\" data-id=\"96c9a6f\" data-element_type=\"column\" data-e-type=\"column\">\n\t\t\t<div class=\"elementor-widget-wrap elementor-element-populated\">\n\t\t\t\t\t\t<div class=\"elementor-element elementor-element-96583b1 elementor-widget elementor-widget-heading\" data-id=\"96583b1\" data-element_type=\"widget\" data-e-type=\"widget\" data-widget_type=\"heading.default\">\n\t\t\t\t<div class=\"elementor-widget-container\">\n\t\t\t\t\t<h2 class=\"elementor-heading-title elementor-size-default\"><h1 style=\"font-size: 2.5rem;margin-top: 0px;margin-bottom: 0px;font-family: Volte, Helvetica, Arial, sans-serif;font-weight: 600;line-height: 2.8125rem;border: 0px;letter-spacing: -1px;text-transform: uppercase\">FORMATION EN PR\u00c9SENTIEL \u00c9NERGIE SOLAIRE<\/h1><\/h2>\t\t\t\t<\/div>\n\t\t\t\t<\/div>\n\t\t\t\t<div class=\"elementor-element elementor-element-8fbfc12 elementor-widget elementor-widget-text-editor\" data-id=\"8fbfc12\" data-element_type=\"widget\" data-e-type=\"widget\" data-widget_type=\"text-editor.default\">\n\t\t\t\t<div class=\"elementor-widget-container\">\n\t\t\t\t\t\t\t\t\t<p>CP academy vous propose une formation \u00e9nergie solaire en pr\u00e9sentiel \u00e0 Tiflet. Les formations se d\u00e9roulent tous les mois et durent 3 jours. Vous y apprendrez les techniques de l&rsquo;\u00e9nergie solaire gr\u00e2ce aux cours dispens\u00e9s par nos formateurs experts.<\/p><h5><strong>Optez pour une formation en \u00e9nergie solaire; vous vous pr\u00e9parerez \u00e0 travailler dans un domaine en plein essor et \u00e0 contribuer \u00e0 la transition vers une \u00e9conomie plus durable !<\/strong><\/h5>\t\t\t\t\t\t\t\t<\/div>\n\t\t\t\t<\/div>\n\t\t\t\t\t<\/div>\n\t\t<\/div>\n\t\t\t\t\t<\/div>\n\t\t<\/section>\n\t\t\t\t<section class=\"elementor-section elementor-top-section elementor-element elementor-element-2acb372 elementor-section-boxed elementor-section-height-default elementor-section-height-default\" data-id=\"2acb372\" data-element_type=\"section\" data-e-type=\"section\">\n\t\t\t\t\t\t<div class=\"elementor-container elementor-column-gap-default\">\n\t\t\t\t\t<div class=\"elementor-column elementor-col-100 elementor-top-column elementor-element elementor-element-8e19105\" data-id=\"8e19105\" data-element_type=\"column\" data-e-type=\"column\">\n\t\t\t<div class=\"elementor-widget-wrap elementor-element-populated\">\n\t\t\t\t\t\t<div class=\"elementor-element elementor-element-6a8cc40 elementor-widget elementor-widget-spacer\" data-id=\"6a8cc40\" data-element_type=\"widget\" data-e-type=\"widget\" data-widget_type=\"spacer.default\">\n\t\t\t\t<div class=\"elementor-widget-container\">\n\t\t\t\t\t\t\t<div class=\"elementor-spacer\">\n\t\t\t<div class=\"elementor-spacer-inner\"><\/div>\n\t\t<\/div>\n\t\t\t\t\t\t<\/div>\n\t\t\t\t<\/div>\n\t\t\t\t<div class=\"elementor-element elementor-element-ba6366d elementor-widget elementor-widget-heading\" data-id=\"ba6366d\" data-element_type=\"widget\" data-e-type=\"widget\" data-widget_type=\"heading.default\">\n\t\t\t\t<div class=\"elementor-widget-container\">\n\t\t\t\t\t<h2 class=\"elementor-heading-title elementor-size-default\">POURQUOI CHOISIR LA FORMATION \u00c9NERGIE SOLAIRE DE CP ACADEMY?<\/h2>\t\t\t\t<\/div>\n\t\t\t\t<\/div>\n\t\t\t\t\t<\/div>\n\t\t<\/div>\n\t\t\t\t\t<\/div>\n\t\t<\/section>\n\t\t\t\t<\/div>","protected":false},"excerpt":{"rendered":"<p>FORMATION EN PR\u00c9SENTIEL \u00c9NERGIE SOLAIRE CP academy vous propose une formation \u00e9nergie solaire en pr\u00e9sentiel \u00e0 Tiflet. Les formations se d\u00e9roulent tous les mois et durent 3 jours. Vous y apprendrez les techniques de l&rsquo;\u00e9nergie solaire gr\u00e2ce aux cours dispens\u00e9s &hellip; <\/p>","protected":false},"author":2,"featured_media":0,"parent":0,"menu_order":0,"comment_status":"closed","ping_status":"closed","template":"","meta":{"footnotes":""},"class_list":["post-19329","page","type-page","status-publish","hentry"],"_links":{"self":[{"href":"https:\/\/cpacademy.ma\/ar\/wp-json\/wp\/v2\/pages\/19329","targetHints":{"allow":["GET"]}}],"collection":[{"href":"https:\/\/cpacademy.ma\/ar\/wp-json\/wp\/v2\/pages"}],"about":[{"href":"https:\/\/cpacademy.ma\/ar\/wp-json\/wp\/v2\/types\/page"}],"author":[{"embeddable":true,"href":"https:\/\/cpacademy.ma\/ar\/wp-json\/wp\/v2\/users\/2"}],"replies":[{"embeddable":true,"href":"https:\/\/cpacademy.ma\/ar\/wp-json\/wp\/v2\/comments?post=19329"}],"version-history":[{"count":19,"href":"https:\/\/cpacademy.ma\/ar\/wp-json\/wp\/v2\/pages\/19329\/revisions"}],"predecessor-version":[{"id":19350,"href":"https:\/\/cpacademy.ma\/ar\/wp-json\/wp\/v2\/pages\/19329\/revisions\/19350"}],"wp:attachment":[{"href":"https:\/\/cpacademy.ma\/ar\/wp-json\/wp\/v2\/media?parent=19329"}],"curies":[{"name":"wp","href":"https:\/\/api.w.org\/{rel}","templated":true}]}}