{"id":22672,"date":"2024-03-31T21:12:30","date_gmt":"2024-03-31T21:12:30","guid":{"rendered":"https:\/\/cpacademy.ma\/?page_id=22672"},"modified":"2024-04-03T02:30:25","modified_gmt":"2024-04-03T02:30:25","slug":"invistisseurs","status":"publish","type":"page","link":"https:\/\/cpacademy.ma\/ar\/invistisseurs\/","title":{"rendered":"Invistisseurs"},"content":{"rendered":"<div data-elementor-type=\"wp-page\" data-elementor-id=\"22672\" class=\"elementor elementor-22672\" data-elementor-post-type=\"page\">\n\t\t\t\t\t\t<section class=\"elementor-section elementor-top-section elementor-element elementor-element-5d6e9a55 elementor-section-height-min-height elementor-section-stretched elementor-section-boxed elementor-section-height-default elementor-section-items-middle\" data-id=\"5d6e9a55\" data-element_type=\"section\" data-e-type=\"section\" data-settings=\"{&quot;stretch_section&quot;:&quot;section-stretched&quot;,&quot;background_background&quot;:&quot;classic&quot;}\">\n\t\t\t\t\t\t<div class=\"elementor-container elementor-column-gap-custom\">\n\t\t\t\t\t<div class=\"elementor-column elementor-col-100 elementor-top-column elementor-element elementor-element-687b051b\" data-id=\"687b051b\" data-element_type=\"column\" data-e-type=\"column\">\n\t\t\t<div class=\"elementor-widget-wrap elementor-element-populated\">\n\t\t\t\t\t\t<div class=\"elementor-element elementor-element-659cf8a1 elementor-widget elementor-widget-thim-ekits-breadcrumb\" data-id=\"659cf8a1\" data-element_type=\"widget\" data-e-type=\"widget\" data-widget_type=\"thim-ekits-breadcrumb.default\">\n\t\t\t\t<div class=\"elementor-widget-container\">\n\t\t\t\t\t\n\t\t\t<div class=\"thim-ekit-breadcrumb\">\n\n\t\t\t\tHome\n\t\t\t<\/div>\n\n\t\t\t\t\t\t\t<\/div>\n\t\t\t\t<\/div>\n\t\t\t\t\t<\/div>\n\t\t<\/div>\n\t\t\t\t\t<\/div>\n\t\t<\/section>\n\t\t\t\t<section class=\"elementor-section elementor-top-section elementor-element elementor-element-782e25bf elementor-section-boxed elementor-section-height-default elementor-section-height-default\" data-id=\"782e25bf\" data-element_type=\"section\" data-e-type=\"section\">\n\t\t\t\t\t\t<div class=\"elementor-container elementor-column-gap-custom\">\n\t\t\t\t\t<div class=\"elementor-column elementor-col-100 elementor-top-column elementor-element elementor-element-d855d88\" data-id=\"d855d88\" data-element_type=\"column\" data-e-type=\"column\">\n\t\t\t<div class=\"elementor-widget-wrap elementor-element-populated\">\n\t\t\t\t\t\t<div class=\"elementor-element elementor-element-f83f989 elementor-widget__width-initial elementor-widget-tablet__width-inherit elementor-widget elementor-widget-heading\" data-id=\"f83f989\" data-element_type=\"widget\" data-e-type=\"widget\" data-widget_type=\"heading.default\">\n\t\t\t\t<div class=\"elementor-widget-container\">\n\t\t\t\t\t<h1 class=\"elementor-heading-title elementor-size-default\">Apprendre <span> vert <\/span>R\u00e9ussir <span> pro<\/span><\/h1>\t\t\t\t<\/div>\n\t\t\t\t<\/div>\n\t\t\t\t<div class=\"elementor-element elementor-element-4fd8265 thim-ekits-heading-text-center elementor-widget__width-initial elementor-widget-tablet__width-inherit elementor-widget thim-ekits-heading elementor-widget-thim-heading\" data-id=\"4fd8265\" data-element_type=\"widget\" data-e-type=\"widget\" data-widget_type=\"thim-heading.default\">\n\t\t\t\t<div class=\"elementor-widget-container\">\n\t\t\t\t\t<div class=\"sc_heading text-center\"><div class=\"sub-heading\"><p>Bienvenue sur la page d\u00e9di\u00e9e aux investisseurs de CP Academy, votre partenaire privil\u00e9gi\u00e9 dans le secteur en pleine expansion des \u00e9nergies renouvelables. CP Academy, propri\u00e9t\u00e9 de CP TECH MAROC, est une plateforme innovante sp\u00e9cialis\u00e9e dans la vente de formations en ligne et en pr\u00e9sentiel, consacr\u00e9es aux technologies vertes et aux \u00e9nergies renouvelables.<\/p>\n<\/div><\/div>\t\t\t\t<\/div>\n\t\t\t\t<\/div>\n\t\t\t\t\t<\/div>\n\t\t<\/div>\n\t\t\t\t\t<\/div>\n\t\t<\/section>\n\t\t\t\t<section class=\"elementor-section elementor-top-section elementor-element elementor-element-5dc6bd0c elementor-section-content-middle elementor-section-stretched elementor-section-boxed elementor-section-height-default elementor-section-height-default\" data-id=\"5dc6bd0c\" data-element_type=\"section\" data-e-type=\"section\" data-settings=\"{&quot;stretch_section&quot;:&quot;section-stretched&quot;,&quot;background_background&quot;:&quot;classic&quot;}\">\n\t\t\t\t\t\t\t<div class=\"elementor-background-overlay\"><\/div>\n\t\t\t\t\t\t\t<div class=\"elementor-container elementor-column-gap-custom\">\n\t\t\t\t\t<div class=\"elementor-column elementor-col-50 elementor-top-column elementor-element elementor-element-61baef4b\" data-id=\"61baef4b\" data-element_type=\"column\" data-e-type=\"column\">\n\t\t\t<div class=\"elementor-widget-wrap elementor-element-populated\">\n\t\t\t\t\t\t<div class=\"elementor-element elementor-element-6ee0540d thim-ekits-heading-text-left elementor-widget thim-ekits-heading elementor-widget-thim-heading\" data-id=\"6ee0540d\" data-element_type=\"widget\" data-e-type=\"widget\" data-widget_type=\"thim-heading.default\">\n\t\t\t\t<div class=\"elementor-widget-container\">\n\t\t\t\t\t<div class=\"sc_heading text-left\"><h2 class=\"title\">Nous continuons simplement \u00e0 grandir<\/h2><div class=\"sub-heading\"><p>Notre objectif est de d\u00e9mocratiser l'acc\u00e8s \u00e0 l'\u00e9ducation de qualit\u00e9 dans le domaine des \u00e9nergies renouvelables, en offrant des programmes de formation con\u00e7us pour r\u00e9pondre aux besoins d'un march\u00e9 global en constante \u00e9volution. Nous nous engageons \u00e0 pr\u00e9parer nos apprenants \u00e0 devenir les leaders de demain dans le secteur de l'\u00e9nergie verte, en leur fournissant les connaissances et comp\u00e9tences n\u00e9cessaires pour innover et exceller.<\/p>\n<\/div><\/div>\t\t\t\t<\/div>\n\t\t\t\t<\/div>\n\t\t\t\t\t<\/div>\n\t\t<\/div>\n\t\t\t\t<div class=\"elementor-column elementor-col-25 elementor-top-column elementor-element elementor-element-1a9126dc\" data-id=\"1a9126dc\" data-element_type=\"column\" data-e-type=\"column\">\n\t\t\t<div class=\"elementor-widget-wrap elementor-element-populated\">\n\t\t\t\t\t\t<div class=\"elementor-element elementor-element-5f277240 elementor-widget thim-counters-box\" data-id=\"5f277240\" data-element_type=\"widget\" data-e-type=\"widget\" data-widget_type=\"thim-counters-box.default\">\n\t\t\t\t<div class=\"elementor-widget-container\">\n\t\t\t\t\t<div class=\"counter-box home-page counter-icon-inherit\"><div class=\"content-box-percentage\"><div class=\"wrap-percentage\">\n\t\t\t\t\t<div class=\"display-percentage\" data-percentage=\"2\">2<\/div><\/div><div class=\"counter-content-container\"><div class=\"counter-box-content\">Langues<\/div><\/div><\/div><\/div>\t\t\t\t<\/div>\n\t\t\t\t<\/div>\n\t\t\t\t<div class=\"elementor-element elementor-element-28fbbba3 elementor-widget thim-counters-box\" data-id=\"28fbbba3\" data-element_type=\"widget\" data-e-type=\"widget\" data-widget_type=\"thim-counters-box.default\">\n\t\t\t\t<div class=\"elementor-widget-container\">\n\t\t\t\t\t<div class=\"counter-box home-page counter-icon-inherit\"><div class=\"content-box-percentage\"><div class=\"wrap-percentage\">\n\t\t\t\t\t<div class=\"display-percentage\" data-percentage=\"17865\">17865<\/div><\/div><div class=\"counter-content-container\"><div class=\"counter-box-content\">Apprenants<\/div><\/div><\/div><\/div>\t\t\t\t<\/div>\n\t\t\t\t<\/div>\n\t\t\t\t\t<\/div>\n\t\t<\/div>\n\t\t\t\t<div class=\"elementor-column elementor-col-25 elementor-top-column elementor-element elementor-element-2db7269a\" data-id=\"2db7269a\" data-element_type=\"column\" data-e-type=\"column\">\n\t\t\t<div class=\"elementor-widget-wrap elementor-element-populated\">\n\t\t\t\t\t\t<div class=\"elementor-element elementor-element-32b9f0ca elementor-widget thim-counters-box\" data-id=\"32b9f0ca\" data-element_type=\"widget\" data-e-type=\"widget\" data-widget_type=\"thim-counters-box.default\">\n\t\t\t\t<div class=\"elementor-widget-container\">\n\t\t\t\t\t<div class=\"counter-box home-page counter-icon-inherit\"><div class=\"content-box-percentage\"><div class=\"wrap-percentage\">\n\t\t\t\t\t<div class=\"display-percentage\" data-percentage=\"11\">11<\/div><\/div><div class=\"counter-content-container\"><div class=\"counter-box-content\">Cours<\/div><\/div><\/div><\/div>\t\t\t\t<\/div>\n\t\t\t\t<\/div>\n\t\t\t\t<div class=\"elementor-element elementor-element-38fe54ed elementor-widget thim-counters-box\" data-id=\"38fe54ed\" data-element_type=\"widget\" data-e-type=\"widget\" data-widget_type=\"thim-counters-box.default\">\n\t\t\t\t<div class=\"elementor-widget-container\">\n\t\t\t\t\t<div class=\"counter-box home-page counter-icon-inherit\"><div class=\"content-box-percentage\"><div class=\"wrap-percentage\">\n\t\t\t\t\t<div class=\"display-percentage\" data-percentage=\"6\">6<\/div><\/div><div class=\"counter-content-container\"><div class=\"counter-box-content\">Instructeurs<\/div><\/div><\/div><\/div>\t\t\t\t<\/div>\n\t\t\t\t<\/div>\n\t\t\t\t\t<\/div>\n\t\t<\/div>\n\t\t\t\t\t<\/div>\n\t\t<\/section>\n\t\t\t\t<section class=\"elementor-section elementor-top-section elementor-element elementor-element-69a9924f elementor-section-stretched elementor-section-boxed elementor-section-height-default elementor-section-height-default\" data-id=\"69a9924f\" data-element_type=\"section\" data-e-type=\"section\" data-settings=\"{&quot;stretch_section&quot;:&quot;section-stretched&quot;}\">\n\t\t\t\t\t\t<div class=\"elementor-container elementor-column-gap-no\">\n\t\t\t\t\t<div class=\"elementor-column elementor-col-100 elementor-top-column elementor-element elementor-element-4912b5b3\" data-id=\"4912b5b3\" data-element_type=\"column\" data-e-type=\"column\">\n\t\t\t<div class=\"elementor-widget-wrap elementor-element-populated\">\n\t\t\t\t\t\t<div class=\"elementor-element elementor-element-45924154 thim-ekits-heading-text-center elementor-widget__width-initial elementor-widget-tablet__width-inherit elementor-widget thim-ekits-heading elementor-widget-thim-heading\" data-id=\"45924154\" data-element_type=\"widget\" data-e-type=\"widget\" data-widget_type=\"thim-heading.default\">\n\t\t\t\t<div class=\"elementor-widget-container\">\n\t\t\t\t\t<div class=\"sc_heading text-center\"><h2 class=\"title\">Pourquoi Investir <span class=\"thim-color\">avec Nous ?<\/span><\/h2><div class=\"sub-heading\"><p>CP Academy se positionne comme un acteur cl\u00e9 dans le domaine de la formation professionnelle sp\u00e9cialis\u00e9e, offrant ainsi un potentiel de croissance et de rentabilit\u00e9 \u00e0 long terme pour nos investisseurs.<\/p>\n<\/div><\/div>\t\t\t\t<\/div>\n\t\t\t\t<\/div>\n\t\t\t\t<section class=\"elementor-section elementor-inner-section elementor-element elementor-element-1a38155e elementor-section-boxed elementor-section-height-default elementor-section-height-default\" data-id=\"1a38155e\" data-element_type=\"section\" data-e-type=\"section\">\n\t\t\t\t\t\t<div class=\"elementor-container elementor-column-gap-custom\">\n\t\t\t\t\t<div class=\"elementor-column elementor-col-33 elementor-inner-column elementor-element elementor-element-5585e01b\" data-id=\"5585e01b\" data-element_type=\"column\" data-e-type=\"column\">\n\t\t\t<div class=\"elementor-widget-wrap elementor-element-populated\">\n\t\t\t\t\t\t<div class=\"elementor-element elementor-element-3227a536 iconbox-text-left elementor-widget elementor-widget-thim-icon-box\" data-id=\"3227a536\" data-element_type=\"widget\" data-e-type=\"widget\" data-widget_type=\"thim-icon-box.default\">\n\t\t\t\t<div class=\"elementor-widget-container\">\n\t\t\t\t\t<div class=\"thim-widget-icon-box\"><div class=\"wrapper-box-icon has_custom_image text-left\"><div class=\"smicon-box iconbox-top\"><div class=\"boxes-icon\"><span class=\"inner-icon\"><span class=\"icon icon-images\"><img fetchpriority=\"high\" decoding=\"async\" src=\"https:\/\/cpacademy.ma\/wp-content\/uploads\/2023\/06\/about-us-new-1.jpg\" alt=\"about us new 1\" title=\"about us new 1\"  width=\"857\" height=\"492\"><\/span><\/span><\/div><div class=\"content-inner\"><div class=\"sc-heading\"><h3 class=\"heading__primary\">March\u00e9 en Croissance<\/h3><\/div><div class=\"desc-icon-box\"><div class=\"desc-content\">Le secteur des \u00e9nergies renouvelables conna\u00eet une croissance exponentielle \u00e0 l'\u00e9chelle mondiale. Investir dans CP Academy, c'est saisir l'opportunit\u00e9 de participer \u00e0 un march\u00e9 durable et en expansion.<\/div><\/div><\/div><\/div><\/div><\/div>\t\t\t\t<\/div>\n\t\t\t\t<\/div>\n\t\t\t\t\t<\/div>\n\t\t<\/div>\n\t\t\t\t<div class=\"elementor-column elementor-col-33 elementor-inner-column elementor-element elementor-element-71814a76\" data-id=\"71814a76\" data-element_type=\"column\" data-e-type=\"column\">\n\t\t\t<div class=\"elementor-widget-wrap elementor-element-populated\">\n\t\t\t\t\t\t<div class=\"elementor-element elementor-element-49670039 iconbox-text-left elementor-widget elementor-widget-thim-icon-box\" data-id=\"49670039\" data-element_type=\"widget\" data-e-type=\"widget\" data-widget_type=\"thim-icon-box.default\">\n\t\t\t\t<div class=\"elementor-widget-container\">\n\t\t\t\t\t<div class=\"thim-widget-icon-box\"><div class=\"wrapper-box-icon has_custom_image text-left\"><div class=\"smicon-box iconbox-top\"><div class=\"boxes-icon\"><span class=\"inner-icon\"><span class=\"icon icon-images\"><img decoding=\"async\" src=\"https:\/\/cpacademy.ma\/wp-content\/uploads\/2023\/06\/about-us-new-2.jpg\" alt=\"about us new 2\" title=\"about us new 2\"  width=\"869\" height=\"492\"><\/span><\/span><\/div><div class=\"content-inner\"><div class=\"sc-heading\"><h3 class=\"heading__primary\">Innovation P\u00e9dagogique<\/h3><\/div><div class=\"desc-icon-box\"><div class=\"desc-content\">Nous utilisons les derni\u00e8res technologies et m\u00e9thodologies d'apprentissage pour offrir une exp\u00e9rience \u00e9ducative de premier plan, accessible \u00e0 tous, partout et \u00e0 tout moment.<\/div><\/div><\/div><\/div><\/div><\/div>\t\t\t\t<\/div>\n\t\t\t\t<\/div>\n\t\t\t\t\t<\/div>\n\t\t<\/div>\n\t\t\t\t<div class=\"elementor-column elementor-col-33 elementor-inner-column elementor-element elementor-element-491814d0\" data-id=\"491814d0\" data-element_type=\"column\" data-e-type=\"column\">\n\t\t\t<div class=\"elementor-widget-wrap elementor-element-populated\">\n\t\t\t\t\t\t<div class=\"elementor-element elementor-element-4e37a4ff iconbox-text-left elementor-widget elementor-widget-thim-icon-box\" data-id=\"4e37a4ff\" data-element_type=\"widget\" data-e-type=\"widget\" data-widget_type=\"thim-icon-box.default\">\n\t\t\t\t<div class=\"elementor-widget-container\">\n\t\t\t\t\t<div class=\"thim-widget-icon-box\"><div class=\"wrapper-box-icon has_custom_image text-left\"><div class=\"smicon-box iconbox-top\"><div class=\"boxes-icon\"><span class=\"inner-icon\"><span class=\"icon icon-images\"><img decoding=\"async\" src=\"https:\/\/cpacademy.ma\/wp-content\/uploads\/2023\/06\/about-us-new-3.jpg\" alt=\"about us new 3\" title=\"about us new 3\"  width=\"869\" height=\"492\"><\/span><\/span><\/div><div class=\"content-inner\"><div class=\"sc-heading\"><h3 class=\"heading__primary\">\u00c9quipe Exp\u00e9riment\u00e9e<\/h3><\/div><div class=\"desc-icon-box\"><div class=\"desc-content\">Notre \u00e9quipe est compos\u00e9e d'experts reconnus dans le domaine des \u00e9nergies renouvelables et de l'\u00e9ducation, garantissant ainsi le succ\u00e8s et l'innovation continus de nos programmes de formation.<\/div><\/div><\/div><\/div><\/div><\/div>\t\t\t\t<\/div>\n\t\t\t\t<\/div>\n\t\t\t\t\t<\/div>\n\t\t<\/div>\n\t\t\t\t\t<\/div>\n\t\t<\/section>\n\t\t\t\t<section class=\"elementor-section elementor-inner-section elementor-element elementor-element-59e4b19 elementor-section-boxed elementor-section-height-default elementor-section-height-default\" data-id=\"59e4b19\" data-element_type=\"section\" data-e-type=\"section\">\n\t\t\t\t\t\t<div class=\"elementor-container elementor-column-gap-custom\">\n\t\t\t\t\t<div class=\"elementor-column elementor-col-33 elementor-inner-column elementor-element elementor-element-068ba4f\" data-id=\"068ba4f\" data-element_type=\"column\" data-e-type=\"column\">\n\t\t\t<div class=\"elementor-widget-wrap elementor-element-populated\">\n\t\t\t\t\t\t<div class=\"elementor-element elementor-element-f634635 iconbox-text-left elementor-widget elementor-widget-thim-icon-box\" data-id=\"f634635\" data-element_type=\"widget\" data-e-type=\"widget\" data-widget_type=\"thim-icon-box.default\">\n\t\t\t\t<div class=\"elementor-widget-container\">\n\t\t\t\t\t<div class=\"thim-widget-icon-box\"><div class=\"wrapper-box-icon has_custom_image text-left\"><div class=\"smicon-box iconbox-top\"><div class=\"boxes-icon\"><span class=\"inner-icon\"><span class=\"icon icon-images\"><img fetchpriority=\"high\" decoding=\"async\" src=\"https:\/\/cpacademy.ma\/wp-content\/uploads\/2023\/06\/about-us-new-1.jpg\" alt=\"about us new 1\" title=\"about us new 1\"  width=\"857\" height=\"492\"><\/span><\/span><\/div><div class=\"content-inner\"><div class=\"sc-heading\"><h3 class=\"heading__primary\">Impact Environnemental Positif<\/h3><\/div><div class=\"desc-icon-box\"><div class=\"desc-content\">En investissant dans l'\u00e9ducation aux \u00e9nergies renouvelables, vous contribuez activement \u00e0 la lutte contre le changement climatique et \u00e0 la promotion d'un avenir durable.<\/div><\/div><\/div><\/div><\/div><\/div>\t\t\t\t<\/div>\n\t\t\t\t<\/div>\n\t\t\t\t\t<\/div>\n\t\t<\/div>\n\t\t\t\t<div class=\"elementor-column elementor-col-33 elementor-inner-column elementor-element elementor-element-8df062f\" data-id=\"8df062f\" data-element_type=\"column\" data-e-type=\"column\">\n\t\t\t<div class=\"elementor-widget-wrap elementor-element-populated\">\n\t\t\t\t\t\t<div class=\"elementor-element elementor-element-15216ed iconbox-text-left elementor-widget elementor-widget-thim-icon-box\" data-id=\"15216ed\" data-element_type=\"widget\" data-e-type=\"widget\" data-widget_type=\"thim-icon-box.default\">\n\t\t\t\t<div class=\"elementor-widget-container\">\n\t\t\t\t\t<div class=\"thim-widget-icon-box\"><div class=\"wrapper-box-icon has_custom_image text-left\"><div class=\"smicon-box iconbox-top\"><div class=\"boxes-icon\"><span class=\"inner-icon\"><span class=\"icon icon-images\"><img decoding=\"async\" src=\"https:\/\/cpacademy.ma\/wp-content\/uploads\/2023\/06\/about-us-new-2.jpg\" alt=\"about us new 2\" title=\"about us new 2\"  width=\"869\" height=\"492\"><\/span><\/span><\/div><div class=\"content-inner\"><div class=\"sc-heading\"><h3 class=\"heading__primary\">plusieurs options de participation<\/h3><\/div><div class=\"desc-icon-box\"><div class=\"desc-content\">Que vous soyez un investisseur institutionnel, un fonds d'investissement sp\u00e9cialis\u00e9 dans l'\u00e9ducation ou l'\u00e9nergie verte, ou un investisseur priv\u00e9 passionn\u00e9 par l'impact environnemental, nous avons une opportunit\u00e9 pour vous.<\/div><\/div><\/div><\/div><\/div><\/div>\t\t\t\t<\/div>\n\t\t\t\t<\/div>\n\t\t\t\t\t<\/div>\n\t\t<\/div>\n\t\t\t\t<div class=\"elementor-column elementor-col-33 elementor-inner-column elementor-element elementor-element-c59f70b\" data-id=\"c59f70b\" data-element_type=\"column\" data-e-type=\"column\">\n\t\t\t<div class=\"elementor-widget-wrap\">\n\t\t\t\t\t\t\t<\/div>\n\t\t<\/div>\n\t\t\t\t\t<\/div>\n\t\t<\/section>\n\t\t\t\t\t<\/div>\n\t\t<\/div>\n\t\t\t\t\t<\/div>\n\t\t<\/section>\n\t\t\t\t<section class=\"elementor-section elementor-top-section elementor-element elementor-element-1e3ce80 elementor-section-content-middle elementor-section-stretched elementor-section-boxed elementor-section-height-default elementor-section-height-default\" data-id=\"1e3ce80\" data-element_type=\"section\" data-e-type=\"section\" data-settings=\"{&quot;stretch_section&quot;:&quot;section-stretched&quot;,&quot;background_background&quot;:&quot;classic&quot;}\">\n\t\t\t\t\t\t\t<div class=\"elementor-background-overlay\"><\/div>\n\t\t\t\t\t\t\t<div class=\"elementor-container elementor-column-gap-custom\">\n\t\t\t\t\t<div class=\"elementor-column elementor-col-100 elementor-top-column elementor-element elementor-element-1a274f3\" data-id=\"1a274f3\" data-element_type=\"column\" data-e-type=\"column\">\n\t\t\t<div class=\"elementor-widget-wrap elementor-element-populated\">\n\t\t\t\t\t\t<div class=\"elementor-element elementor-element-f44b3be thim-ekits-heading-text-left elementor-widget thim-ekits-heading elementor-widget-thim-heading\" data-id=\"f44b3be\" data-element_type=\"widget\" data-e-type=\"widget\" data-widget_type=\"thim-heading.default\">\n\t\t\t\t<div class=\"elementor-widget-container\">\n\t\t\t\t\t<div class=\"sc_heading text-left\"><h2 class=\"title\">Contactez-Nous<\/h2><div class=\"sub-heading\"><p>Pour en savoir plus sur les opportunit\u00e9s d'investissement avec CP Academy et comment vous pouvez contribuer \u00e0 fa\u00e7onner l'avenir de l'\u00e9nergie renouvable, nous vous invitons \u00e0 contacter notre \u00e9quipe des relations investisseurs \u00e0 investisseurs@cpacademy.ma.<\/p>\n<p>Rejoignez-nous dans cette aventure passionnante et investissons ensemble dans un avenir plus vert et durable avec CP Academy.<\/p>\n<\/div><\/div>\t\t\t\t<\/div>\n\t\t\t\t<\/div>\n\t\t\t\t\t<\/div>\n\t\t<\/div>\n\t\t\t\t\t<\/div>\n\t\t<\/section>\n\t\t\t\t<\/div>","protected":false},"excerpt":{"rendered":"<p>Home Apprendre vert R\u00e9ussir pro Bienvenue sur la page d\u00e9di\u00e9e aux investisseurs de CP Academy, votre partenaire privil\u00e9gi\u00e9 dans le secteur en pleine expansion des \u00e9nergies renouvelables. CP Academy, propri\u00e9t\u00e9 de CP TECH MAROC, est une plateforme innovante sp\u00e9cialis\u00e9e dans &hellip; <\/p>","protected":false},"author":2,"featured_media":0,"parent":0,"menu_order":0,"comment_status":"closed","ping_status":"closed","template":"elementor_header_footer","meta":{"footnotes":""},"class_list":["post-22672","page","type-page","status-publish","hentry"],"_links":{"self":[{"href":"https:\/\/cpacademy.ma\/ar\/wp-json\/wp\/v2\/pages\/22672","targetHints":{"allow":["GET"]}}],"collection":[{"href":"https:\/\/cpacademy.ma\/ar\/wp-json\/wp\/v2\/pages"}],"about":[{"href":"https:\/\/cpacademy.ma\/ar\/wp-json\/wp\/v2\/types\/page"}],"author":[{"embeddable":true,"href":"https:\/\/cpacademy.ma\/ar\/wp-json\/wp\/v2\/users\/2"}],"replies":[{"embeddable":true,"href":"https:\/\/cpacademy.ma\/ar\/wp-json\/wp\/v2\/comments?post=22672"}],"version-history":[{"count":55,"href":"https:\/\/cpacademy.ma\/ar\/wp-json\/wp\/v2\/pages\/22672\/revisions"}],"predecessor-version":[{"id":22744,"href":"https:\/\/cpacademy.ma\/ar\/wp-json\/wp\/v2\/pages\/22672\/revisions\/22744"}],"wp:attachment":[{"href":"https:\/\/cpacademy.ma\/ar\/wp-json\/wp\/v2\/media?parent=22672"}],"curies":[{"name":"wp","href":"https:\/\/api.w.org\/{rel}","templated":true}]}}