{"id":23417,"date":"2024-08-29T16:43:51","date_gmt":"2024-08-29T16:43:51","guid":{"rendered":"https:\/\/cpacademy.ma\/?page_id=23417"},"modified":"2024-08-29T16:43:55","modified_gmt":"2024-08-29T16:43:55","slug":"centre-daide","status":"publish","type":"page","link":"https:\/\/cpacademy.ma\/ar\/centre-daide\/","title":{"rendered":"Centre d&rsquo;aide"},"content":{"rendered":"<div data-elementor-type=\"wp-page\" data-elementor-id=\"23417\" class=\"elementor elementor-23417\" data-elementor-post-type=\"page\">\n\t\t\t\t<div class=\"elementor-element elementor-element-39adf82 e-flex e-con-boxed e-con e-parent\" data-id=\"39adf82\" data-element_type=\"container\" data-e-type=\"container\">\n\t\t\t\t\t<div class=\"e-con-inner\">\n\t\t\t\t<div class=\"elementor-element elementor-element-3154243 elementor-widget elementor-widget-heading\" data-id=\"3154243\" data-element_type=\"widget\" data-e-type=\"widget\" data-widget_type=\"heading.default\">\n\t\t\t\t<div class=\"elementor-widget-container\">\n\t\t\t\t\t<h2 class=\"elementor-heading-title elementor-size-default\">Bienvenue au centre d'aide CP ACADEMY<\/h2>\t\t\t\t<\/div>\n\t\t\t\t<\/div>\n\t\t\t\t\t<\/div>\n\t\t\t\t<\/div>\n\t\t<div class=\"elementor-element elementor-element-8369d34 e-flex e-con-boxed e-con e-parent\" data-id=\"8369d34\" data-element_type=\"container\" data-e-type=\"container\">\n\t\t\t\t\t<div class=\"e-con-inner\">\n\t\t\t\t<div class=\"elementor-element elementor-element-caf37a2 elementor-widget elementor-widget-text-editor\" data-id=\"caf37a2\" data-element_type=\"widget\" data-e-type=\"widget\" data-widget_type=\"text-editor.default\">\n\t\t\t\t<div class=\"elementor-widget-container\">\n\t\t\t\t\t\t\t\t\t<p>Trouvez ici toutes les ressources n\u00e9cessaires pour naviguer facilement sur notre plateforme et obtenir l&rsquo;assistance dont vous avez besoin.<\/p>\t\t\t\t\t\t\t\t<\/div>\n\t\t\t\t<\/div>\n\t\t\t\t\t<\/div>\n\t\t\t\t<\/div>\n\t\t<div class=\"elementor-element elementor-element-9139535 e-flex e-con-boxed e-con e-parent\" data-id=\"9139535\" data-element_type=\"container\" data-e-type=\"container\">\n\t\t\t\t\t<div class=\"e-con-inner\">\n\t\t\t\t<div class=\"elementor-element elementor-element-c3c280e elementor-widget elementor-widget-heading\" data-id=\"c3c280e\" data-element_type=\"widget\" data-e-type=\"widget\" data-widget_type=\"heading.default\">\n\t\t\t\t<div class=\"elementor-widget-container\">\n\t\t\t\t\t<h2 class=\"elementor-heading-title elementor-size-default\">Comment s'inscrire \u00e0 un cours sur cp academy<\/h2>\t\t\t\t<\/div>\n\t\t\t\t<\/div>\n\t\t\t\t\t<\/div>\n\t\t\t\t<\/div>\n\t\t<div class=\"elementor-element elementor-element-377940c e-flex e-con-boxed e-con e-parent\" data-id=\"377940c\" data-element_type=\"container\" data-e-type=\"container\">\n\t\t\t\t\t<div class=\"e-con-inner\">\n\t\t\t\t<div class=\"elementor-element elementor-element-7ac8eab elementor-widget elementor-widget-text-editor\" data-id=\"7ac8eab\" data-element_type=\"widget\" data-e-type=\"widget\" data-widget_type=\"text-editor.default\">\n\t\t\t\t<div class=\"elementor-widget-container\">\n\t\t\t\t\t\t\t\t\t<p><strong>1. Cr\u00e9ez votre compte :<\/strong><\/p><ul><li><strong>Acc\u00e9dez \u00e0 la page d&rsquo;inscription<\/strong> : Cliquez sur le bouton \u00ab\u00a0S&rsquo;inscrire\u00a0\u00bb en haut \u00e0 droite de la page d&rsquo;accueil.<\/li><li><strong>Remplissez le formulaire<\/strong> : Entrez vos informations personnelles, comme votre nom, adresse e-mail et un mot de passe s\u00e9curis\u00e9.<\/li><li><strong>Validez votre compte<\/strong> : Vous recevrez un e-mail de confirmation. Cliquez sur le lien dans cet e-mail pour activer votre compte.<\/li><\/ul><p><strong>2. Explorez les formations disponibles :<\/strong><\/p><ul><li><strong>Acc\u00e9dez \u00e0 la section \u00ab\u00a0Formations\u00a0\u00bb<\/strong> : Depuis la barre de menu, s\u00e9lectionnez \u00ab\u00a0Formations\u00a0\u00bb.<\/li><li><strong>Filtrez selon vos int\u00e9r\u00eats<\/strong> : Utilisez les filtres pour trouver des cours par cat\u00e9gorie, niveau, ou popularit\u00e9.<\/li><li><strong>Lisez les descriptions<\/strong> : Cliquez sur le titre d&rsquo;un cours pour voir la description d\u00e9taill\u00e9e, les objectifs, et le programme.<\/li><\/ul><p><strong>3. S\u00e9lectionnez et inscrivez-vous au cours :<\/strong><\/p><ul><li><strong>Choisissez un cours<\/strong> : Une fois que vous avez trouv\u00e9 un cours qui vous int\u00e9resse, cliquez sur \u00ab\u00a0commencer \u00e0 apprendre\u00a0\u00bb pour acc\u00e9der \u00e0 la page du cours.<\/li><li><strong>V\u00e9rifiez les d\u00e9tails<\/strong> : Assurez-vous de bien comprendre les pr\u00e9requis, les objectifs, et le format du cours.<\/li><li><strong>Cliquez sur \u00ab\u00a0S&rsquo;inscrire\u00a0\u00bb<\/strong> : Si vous \u00eates pr\u00eat \u00e0 commencer, cliquez sur le bouton \u00ab\u00a0Acheter maintenant\u00a0\u00bb sur la page du cours.<\/li><\/ul><p><strong>4. Effectuez le paiement :<\/strong><\/p><ul><li><strong>Choisissez votre mode de paiement<\/strong> : Si le cours est payant, s\u00e9lectionnez votre mode de paiement pr\u00e9f\u00e9r\u00e9.<\/li><li><strong>Suivez les instructions<\/strong> : Entrez les d\u00e9tails n\u00e9cessaires et confirmez votre paiement.<\/li><li><strong>Recevez la confirmation<\/strong> : Une fois le paiement effectu\u00e9, vous recevrez un e-mail confirmant votre inscription.<\/li><\/ul><p><strong>5. Acc\u00e9dez \u00e0 votre cours :<\/strong><\/p><ul><li><strong>Rendez-vous dans \u00ab\u00a0Mon espace\u00a0\u00bb<\/strong> : Apr\u00e8s l&rsquo;inscription, allez dans la section \u00ab\u00a0Mon espace\u00a0\u00bb pour voir les cours auxquels vous \u00eates inscrit.<\/li><li><strong>Commencez votre apprentissage<\/strong> : Cliquez sur le cours pour commencer votre apprentissage \u00e0 votre propre rythme.<\/li><\/ul><p><strong>6. Suivez votre progression :<\/strong><\/p><ul><li><strong>Acc\u00e9dez aux modules<\/strong> : Naviguez \u00e0 travers les diff\u00e9rents modules du cours.<\/li><li><strong>Compl\u00e9tez les \u00e9valuations<\/strong> : Certaines le\u00e7ons peuvent inclure des quiz ou des \u00e9valuations pour tester vos connaissances.<\/li><li><strong>Recevez votre certification<\/strong> : \u00c0 la fin du cours, vous recevrez un certificat si vous avez satisfait aux crit\u00e8res requis.<\/li><\/ul>\t\t\t\t\t\t\t\t<\/div>\n\t\t\t\t<\/div>\n\t\t\t\t\t<\/div>\n\t\t\t\t<\/div>\n\t\t<div class=\"elementor-element elementor-element-513ea1e e-flex e-con-boxed e-con e-parent\" data-id=\"513ea1e\" data-element_type=\"container\" data-e-type=\"container\">\n\t\t\t\t\t<div class=\"e-con-inner\">\n\t\t\t\t<div class=\"elementor-element elementor-element-7c0b885 elementor-widget elementor-widget-heading\" data-id=\"7c0b885\" data-element_type=\"widget\" data-e-type=\"widget\" data-widget_type=\"heading.default\">\n\t\t\t\t<div class=\"elementor-widget-container\">\n\t\t\t\t\t<h2 class=\"elementor-heading-title elementor-size-default\">Lien rapide<\/h2>\t\t\t\t<\/div>\n\t\t\t\t<\/div>\n\t\t\t\t<div class=\"elementor-element elementor-element-8a78f8f elementor-widget elementor-widget-spacer\" data-id=\"8a78f8f\" data-element_type=\"widget\" data-e-type=\"widget\" data-widget_type=\"spacer.default\">\n\t\t\t\t<div class=\"elementor-widget-container\">\n\t\t\t\t\t\t\t<div class=\"elementor-spacer\">\n\t\t\t<div class=\"elementor-spacer-inner\"><\/div>\n\t\t<\/div>\n\t\t\t\t\t\t<\/div>\n\t\t\t\t<\/div>\n\t\t\t\t<div class=\"elementor-element elementor-element-3005f49 elementor-widget elementor-widget-text-editor\" data-id=\"3005f49\" data-element_type=\"widget\" data-e-type=\"widget\" data-widget_type=\"text-editor.default\">\n\t\t\t\t<div class=\"elementor-widget-container\">\n\t\t\t\t\t\t\t\t\t<ul><li><a href=\"https:\/\/cpacademy.ma\/ar\/faqs-2\/\">FAQ<\/a><\/li><li><a href=\"https:\/\/cpacademy.ma\/ar\/contactez-nous\/\">Formulaire de contact<\/a><\/li><li><a href=\"https:\/\/cpacademy.ma\/ar\/\">Tutoriels vid\u00e9o\u00a0<\/a><\/li><li><a href=\"https:\/\/cpacademy.ma\/ar\/blog\/\">Blog<\/a><\/li><\/ul>\t\t\t\t\t\t\t\t<\/div>\n\t\t\t\t<\/div>\n\t\t\t\t\t<\/div>\n\t\t\t\t<\/div>\n\t\t\t\t<\/div>","protected":false},"excerpt":{"rendered":"<p>Bienvenue au centre d&rsquo;aide CP ACADEMY Trouvez ici toutes les ressources n\u00e9cessaires pour naviguer facilement sur notre plateforme et obtenir l&rsquo;assistance dont vous avez besoin. Comment s&rsquo;inscrire \u00e0 un cours sur cp academy 1. Cr\u00e9ez votre compte : Acc\u00e9dez \u00e0 &hellip; <\/p>","protected":false},"author":7,"featured_media":0,"parent":0,"menu_order":0,"comment_status":"closed","ping_status":"closed","template":"","meta":{"footnotes":""},"class_list":["post-23417","page","type-page","status-publish","hentry"],"_links":{"self":[{"href":"https:\/\/cpacademy.ma\/ar\/wp-json\/wp\/v2\/pages\/23417","targetHints":{"allow":["GET"]}}],"collection":[{"href":"https:\/\/cpacademy.ma\/ar\/wp-json\/wp\/v2\/pages"}],"about":[{"href":"https:\/\/cpacademy.ma\/ar\/wp-json\/wp\/v2\/types\/page"}],"author":[{"embeddable":true,"href":"https:\/\/cpacademy.ma\/ar\/wp-json\/wp\/v2\/users\/7"}],"replies":[{"embeddable":true,"href":"https:\/\/cpacademy.ma\/ar\/wp-json\/wp\/v2\/comments?post=23417"}],"version-history":[{"count":6,"href":"https:\/\/cpacademy.ma\/ar\/wp-json\/wp\/v2\/pages\/23417\/revisions"}],"predecessor-version":[{"id":23423,"href":"https:\/\/cpacademy.ma\/ar\/wp-json\/wp\/v2\/pages\/23417\/revisions\/23423"}],"wp:attachment":[{"href":"https:\/\/cpacademy.ma\/ar\/wp-json\/wp\/v2\/media?parent=23417"}],"curies":[{"name":"wp","href":"https:\/\/api.w.org\/{rel}","templated":true}]}}