{"id":23448,"date":"2024-08-29T16:50:24","date_gmt":"2024-08-29T16:50:24","guid":{"rendered":"https:\/\/cpacademy.ma\/?page_id=23448"},"modified":"2024-08-30T17:11:26","modified_gmt":"2024-08-30T17:11:26","slug":"reglement-interieur","status":"publish","type":"page","link":"https:\/\/cpacademy.ma\/ar\/reglement-interieur\/","title":{"rendered":"R\u00e9glement int\u00e9rieur"},"content":{"rendered":"<div data-elementor-type=\"wp-page\" data-elementor-id=\"23448\" class=\"elementor elementor-23448\" data-elementor-post-type=\"page\">\n\t\t\t\t<div class=\"elementor-element elementor-element-67e5f9ce e-flex e-con-boxed e-con e-parent\" data-id=\"67e5f9ce\" data-element_type=\"container\" data-e-type=\"container\">\n\t\t\t\t\t<div class=\"e-con-inner\">\n\t\t\t\t<div class=\"elementor-element elementor-element-243446a8 elementor-widget elementor-widget-heading\" data-id=\"243446a8\" data-element_type=\"widget\" data-e-type=\"widget\" data-widget_type=\"heading.default\">\n\t\t\t\t<div class=\"elementor-widget-container\">\n\t\t\t\t\t<h2 class=\"elementor-heading-title elementor-size-default\">1. Objet du R\u00e8glement<\/h2>\t\t\t\t<\/div>\n\t\t\t\t<\/div>\n\t\t\t\t<div class=\"elementor-element elementor-element-4aa97bdf elementor-widget elementor-widget-spacer\" data-id=\"4aa97bdf\" data-element_type=\"widget\" data-e-type=\"widget\" data-widget_type=\"spacer.default\">\n\t\t\t\t<div class=\"elementor-widget-container\">\n\t\t\t\t\t\t\t<div class=\"elementor-spacer\">\n\t\t\t<div class=\"elementor-spacer-inner\"><\/div>\n\t\t<\/div>\n\t\t\t\t\t\t<\/div>\n\t\t\t\t<\/div>\n\t\t\t\t<div class=\"elementor-element elementor-element-4ff334fa elementor-widget elementor-widget-text-editor\" data-id=\"4ff334fa\" data-element_type=\"widget\" data-e-type=\"widget\" data-widget_type=\"text-editor.default\">\n\t\t\t\t<div class=\"elementor-widget-container\">\n\t\t\t\t\t\t\t\t\t<p>Ce r\u00e8glement a pour objectif de garantir une utilisation respectueuse, s\u00e9curis\u00e9e, et agr\u00e9able de la plateforme CP Academy pour tous les \u00e9tudiants. En vous inscrivant et en utilisant notre site, vous acceptez de respecter les r\u00e8gles \u00e9nonc\u00e9es ci-dessous.<\/p>\t\t\t\t\t\t\t\t<\/div>\n\t\t\t\t<\/div>\n\t\t\t\t<div class=\"elementor-element elementor-element-161cfd03 elementor-widget elementor-widget-spacer\" data-id=\"161cfd03\" data-element_type=\"widget\" data-e-type=\"widget\" data-widget_type=\"spacer.default\">\n\t\t\t\t<div class=\"elementor-widget-container\">\n\t\t\t\t\t\t\t<div class=\"elementor-spacer\">\n\t\t\t<div class=\"elementor-spacer-inner\"><\/div>\n\t\t<\/div>\n\t\t\t\t\t\t<\/div>\n\t\t\t\t<\/div>\n\t\t\t\t\t<\/div>\n\t\t\t\t<\/div>\n\t\t<div class=\"elementor-element elementor-element-6aa54e31 e-flex e-con-boxed e-con e-parent\" data-id=\"6aa54e31\" data-element_type=\"container\" data-e-type=\"container\">\n\t\t\t\t\t<div class=\"e-con-inner\">\n\t\t\t\t<div class=\"elementor-element elementor-element-17deed29 elementor-widget elementor-widget-heading\" data-id=\"17deed29\" data-element_type=\"widget\" data-e-type=\"widget\" data-widget_type=\"heading.default\">\n\t\t\t\t<div class=\"elementor-widget-container\">\n\t\t\t\t\t<h2 class=\"elementor-heading-title elementor-size-default\">2. Acc\u00e8s \u00e0 la Plateforme\n<\/h2>\t\t\t\t<\/div>\n\t\t\t\t<\/div>\n\t\t\t\t<div class=\"elementor-element elementor-element-450425e0 elementor-widget elementor-widget-spacer\" data-id=\"450425e0\" data-element_type=\"widget\" data-e-type=\"widget\" data-widget_type=\"spacer.default\">\n\t\t\t\t<div class=\"elementor-widget-container\">\n\t\t\t\t\t\t\t<div class=\"elementor-spacer\">\n\t\t\t<div class=\"elementor-spacer-inner\"><\/div>\n\t\t<\/div>\n\t\t\t\t\t\t<\/div>\n\t\t\t\t<\/div>\n\t\t\t\t<div class=\"elementor-element elementor-element-1ac05fd5 elementor-widget elementor-widget-text-editor\" data-id=\"1ac05fd5\" data-element_type=\"widget\" data-e-type=\"widget\" data-widget_type=\"text-editor.default\">\n\t\t\t\t<div class=\"elementor-widget-container\">\n\t\t\t\t\t\t\t\t\t<p><strong>Inscription<\/strong> : L\u2019acc\u00e8s aux cours sur CP Academy n\u00e9cessite la cr\u00e9ation d\u2019un compte personnel avec des informations exactes et \u00e0 jour. Cette inscription vous permet de suivre les cours, d\u2019interagir avec les instructeurs, et de b\u00e9n\u00e9ficier des ressources p\u00e9dagogiques.<\/p>\t\t\t\t\t\t\t\t<\/div>\n\t\t\t\t<\/div>\n\t\t\t\t<div class=\"elementor-element elementor-element-1882ba32 elementor-widget elementor-widget-spacer\" data-id=\"1882ba32\" data-element_type=\"widget\" data-e-type=\"widget\" data-widget_type=\"spacer.default\">\n\t\t\t\t<div class=\"elementor-widget-container\">\n\t\t\t\t\t\t\t<div class=\"elementor-spacer\">\n\t\t\t<div class=\"elementor-spacer-inner\"><\/div>\n\t\t<\/div>\n\t\t\t\t\t\t<\/div>\n\t\t\t\t<\/div>\n\t\t\t\t\t<\/div>\n\t\t\t\t<\/div>\n\t\t<div class=\"elementor-element elementor-element-7af015ae e-flex e-con-boxed e-con e-parent\" data-id=\"7af015ae\" data-element_type=\"container\" data-e-type=\"container\">\n\t\t\t\t\t<div class=\"e-con-inner\">\n\t\t\t\t<div class=\"elementor-element elementor-element-2bd9165a elementor-widget elementor-widget-heading\" data-id=\"2bd9165a\" data-element_type=\"widget\" data-e-type=\"widget\" data-widget_type=\"heading.default\">\n\t\t\t\t<div class=\"elementor-widget-container\">\n\t\t\t\t\t<h2 class=\"elementor-heading-title elementor-size-default\">3. Comportement des utilisateurs:<\/h2>\t\t\t\t<\/div>\n\t\t\t\t<\/div>\n\t\t\t\t<div class=\"elementor-element elementor-element-22c3ce15 elementor-widget elementor-widget-spacer\" data-id=\"22c3ce15\" data-element_type=\"widget\" data-e-type=\"widget\" data-widget_type=\"spacer.default\">\n\t\t\t\t<div class=\"elementor-widget-container\">\n\t\t\t\t\t\t\t<div class=\"elementor-spacer\">\n\t\t\t<div class=\"elementor-spacer-inner\"><\/div>\n\t\t<\/div>\n\t\t\t\t\t\t<\/div>\n\t\t\t\t<\/div>\n\t\t\t\t<div class=\"elementor-element elementor-element-1297ecb3 elementor-widget elementor-widget-text-editor\" data-id=\"1297ecb3\" data-element_type=\"widget\" data-e-type=\"widget\" data-widget_type=\"text-editor.default\">\n\t\t\t\t<div class=\"elementor-widget-container\">\n\t\t\t\t\t\t\t\t\t<ul><li><strong>Respect et Courtoisie<\/strong> : Tous les utilisateurs doivent faire preuve de respect envers les autres membres de la communaut\u00e9, y compris les instructeurs et les autres apprenants. Les propos offensants, discriminatoires ou inappropri\u00e9s ne seront pas tol\u00e9r\u00e9s.<\/li><li><strong>Participation Active<\/strong> : Il est attendu des apprenants qu\u2019ils participent activement aux cours, respectent les d\u00e9lais pour les devoirs, et s\u2019engagent dans les discussions de mani\u00e8re constructive.<\/li><li><strong>Confidentialit\u00e9 et S\u00e9curit\u00e9<\/strong> : Les utilisateurs doivent prot\u00e9ger leur compte en utilisant un mot de passe s\u00e9curis\u00e9 et ne doivent pas partager leurs informations de connexion avec d\u2019autres personnes. Les informations personnelles des autres \u00e9tudiants doivent \u00e9galement \u00eatre respect\u00e9es et prot\u00e9g\u00e9es.<\/li><\/ul>\t\t\t\t\t\t\t\t<\/div>\n\t\t\t\t<\/div>\n\t\t\t\t<div class=\"elementor-element elementor-element-16ae116a elementor-widget elementor-widget-spacer\" data-id=\"16ae116a\" data-element_type=\"widget\" data-e-type=\"widget\" data-widget_type=\"spacer.default\">\n\t\t\t\t<div class=\"elementor-widget-container\">\n\t\t\t\t\t\t\t<div class=\"elementor-spacer\">\n\t\t\t<div class=\"elementor-spacer-inner\"><\/div>\n\t\t<\/div>\n\t\t\t\t\t\t<\/div>\n\t\t\t\t<\/div>\n\t\t\t\t\t<\/div>\n\t\t\t\t<\/div>\n\t\t<div class=\"elementor-element elementor-element-1e7acc53 e-flex e-con-boxed e-con e-parent\" data-id=\"1e7acc53\" data-element_type=\"container\" data-e-type=\"container\">\n\t\t\t\t\t<div class=\"e-con-inner\">\n\t\t\t\t<div class=\"elementor-element elementor-element-69e639b3 elementor-widget elementor-widget-heading\" data-id=\"69e639b3\" data-element_type=\"widget\" data-e-type=\"widget\" data-widget_type=\"heading.default\">\n\t\t\t\t<div class=\"elementor-widget-container\">\n\t\t\t\t\t<h2 class=\"elementor-heading-title elementor-size-default\">4. Acc\u00e8s aux Contenus:<\/h2>\t\t\t\t<\/div>\n\t\t\t\t<\/div>\n\t\t\t\t<div class=\"elementor-element elementor-element-76da69f6 elementor-widget elementor-widget-spacer\" data-id=\"76da69f6\" data-element_type=\"widget\" data-e-type=\"widget\" data-widget_type=\"spacer.default\">\n\t\t\t\t<div class=\"elementor-widget-container\">\n\t\t\t\t\t\t\t<div class=\"elementor-spacer\">\n\t\t\t<div class=\"elementor-spacer-inner\"><\/div>\n\t\t<\/div>\n\t\t\t\t\t\t<\/div>\n\t\t\t\t<\/div>\n\t\t\t\t<div class=\"elementor-element elementor-element-12c7baec elementor-widget elementor-widget-text-editor\" data-id=\"12c7baec\" data-element_type=\"widget\" data-e-type=\"widget\" data-widget_type=\"text-editor.default\">\n\t\t\t\t<div class=\"elementor-widget-container\">\n\t\t\t\t\t\t\t\t\t<ul><li><strong>Acc\u00e8s aux Cours<\/strong> : L\u2019acc\u00e8s aux cours est conditionn\u00e9 par l\u2019inscription et le paiement des frais, si applicable. Une fois inscrit \u00e0 un cours, vous avez acc\u00e8s \u00e0 son contenu pour la dur\u00e9e sp\u00e9cifi\u00e9e lors de l\u2019achat.<\/li><li><strong>Utilisation des Ressources<\/strong> : Les ressources p\u00e9dagogiques (vid\u00e9os, documents, quiz, etc.) sont fournies pour votre usage personnel uniquement. Toute reproduction, distribution, ou utilisation commerciale du contenu est strictement interdite.<\/li><\/ul>\t\t\t\t\t\t\t\t<\/div>\n\t\t\t\t<\/div>\n\t\t\t\t<div class=\"elementor-element elementor-element-20e9a45b elementor-widget elementor-widget-spacer\" data-id=\"20e9a45b\" data-element_type=\"widget\" data-e-type=\"widget\" data-widget_type=\"spacer.default\">\n\t\t\t\t<div class=\"elementor-widget-container\">\n\t\t\t\t\t\t\t<div class=\"elementor-spacer\">\n\t\t\t<div class=\"elementor-spacer-inner\"><\/div>\n\t\t<\/div>\n\t\t\t\t\t\t<\/div>\n\t\t\t\t<\/div>\n\t\t\t\t\t<\/div>\n\t\t\t\t<\/div>\n\t\t<div class=\"elementor-element elementor-element-45d716ef e-flex e-con-boxed e-con e-parent\" data-id=\"45d716ef\" data-element_type=\"container\" data-e-type=\"container\">\n\t\t\t\t\t<div class=\"e-con-inner\">\n\t\t\t\t<div class=\"elementor-element elementor-element-62fb05a7 elementor-widget elementor-widget-heading\" data-id=\"62fb05a7\" data-element_type=\"widget\" data-e-type=\"widget\" data-widget_type=\"heading.default\">\n\t\t\t\t<div class=\"elementor-widget-container\">\n\t\t\t\t\t<h2 class=\"elementor-heading-title elementor-size-default\">5. Support et Assistance<\/h2>\t\t\t\t<\/div>\n\t\t\t\t<\/div>\n\t\t\t\t<div class=\"elementor-element elementor-element-c3952d4 elementor-widget elementor-widget-spacer\" data-id=\"c3952d4\" data-element_type=\"widget\" data-e-type=\"widget\" data-widget_type=\"spacer.default\">\n\t\t\t\t<div class=\"elementor-widget-container\">\n\t\t\t\t\t\t\t<div class=\"elementor-spacer\">\n\t\t\t<div class=\"elementor-spacer-inner\"><\/div>\n\t\t<\/div>\n\t\t\t\t\t\t<\/div>\n\t\t\t\t<\/div>\n\t\t\t\t<div class=\"elementor-element elementor-element-2e93a0ec elementor-widget elementor-widget-text-editor\" data-id=\"2e93a0ec\" data-element_type=\"widget\" data-e-type=\"widget\" data-widget_type=\"text-editor.default\">\n\t\t\t\t<div class=\"elementor-widget-container\">\n\t\t\t\t\t\t\t\t\t<ul><li><strong>Aide et Support Technique<\/strong> : Si vous rencontrez des probl\u00e8mes techniques ou avez besoin d\u2019aide, vous pouvez contacter notre <a href=\"https:\/\/cpacademy.ma\/ar\/centre-daide\/\">centre d\u2019aide<\/a> via le site. Nous nous effor\u00e7ons de r\u00e9pondre \u00e0 vos questions dans les meilleurs d\u00e9lais.<\/li><li><strong>Signalement<\/strong> : Si vous constatez un comportement inappropri\u00e9 ou une violation des r\u00e8gles, vous \u00eates encourag\u00e9 \u00e0 le signaler imm\u00e9diatement \u00e0 notre \u00e9quipe de support.<\/li><\/ul>\t\t\t\t\t\t\t\t<\/div>\n\t\t\t\t<\/div>\n\t\t\t\t<div class=\"elementor-element elementor-element-4f7fd0f4 elementor-widget elementor-widget-spacer\" data-id=\"4f7fd0f4\" data-element_type=\"widget\" data-e-type=\"widget\" data-widget_type=\"spacer.default\">\n\t\t\t\t<div class=\"elementor-widget-container\">\n\t\t\t\t\t\t\t<div class=\"elementor-spacer\">\n\t\t\t<div class=\"elementor-spacer-inner\"><\/div>\n\t\t<\/div>\n\t\t\t\t\t\t<\/div>\n\t\t\t\t<\/div>\n\t\t\t\t\t<\/div>\n\t\t\t\t<\/div>\n\t\t<div class=\"elementor-element elementor-element-1330ff21 e-flex e-con-boxed e-con e-parent\" data-id=\"1330ff21\" data-element_type=\"container\" data-e-type=\"container\">\n\t\t\t\t\t<div class=\"e-con-inner\">\n\t\t\t\t<div class=\"elementor-element elementor-element-2cdd55dd elementor-widget elementor-widget-heading\" data-id=\"2cdd55dd\" data-element_type=\"widget\" data-e-type=\"widget\" data-widget_type=\"heading.default\">\n\t\t\t\t<div class=\"elementor-widget-container\">\n\t\t\t\t\t<h2 class=\"elementor-heading-title elementor-size-default\"> 6. Sanctions\n<\/h2>\t\t\t\t<\/div>\n\t\t\t\t<\/div>\n\t\t\t\t<div class=\"elementor-element elementor-element-2925baf4 elementor-widget elementor-widget-spacer\" data-id=\"2925baf4\" data-element_type=\"widget\" data-e-type=\"widget\" data-widget_type=\"spacer.default\">\n\t\t\t\t<div class=\"elementor-widget-container\">\n\t\t\t\t\t\t\t<div class=\"elementor-spacer\">\n\t\t\t<div class=\"elementor-spacer-inner\"><\/div>\n\t\t<\/div>\n\t\t\t\t\t\t<\/div>\n\t\t\t\t<\/div>\n\t\t\t\t<div class=\"elementor-element elementor-element-3fb5a8b1 elementor-widget elementor-widget-text-editor\" data-id=\"3fb5a8b1\" data-element_type=\"widget\" data-e-type=\"widget\" data-widget_type=\"text-editor.default\">\n\t\t\t\t<div class=\"elementor-widget-container\">\n\t\t\t\t\t\t\t\t\t<ul><li><strong>Non-respect des R\u00e8gles<\/strong> : Tout comportement non conforme \u00e0 ce r\u00e8glement peut entra\u00eener des sanctions, telles que la suspension temporaire ou d\u00e9finitive de l\u2019acc\u00e8s \u00e0 la plateforme.<\/li><li><strong>Droit d&rsquo;Appel<\/strong> : Si vous \u00eates sanctionn\u00e9, vous avez la possibilit\u00e9 de faire appel de la d\u00e9cision dans un d\u00e9lai de 7 jours en contactant le service client.<\/li><\/ul>\t\t\t\t\t\t\t\t<\/div>\n\t\t\t\t<\/div>\n\t\t\t\t<div class=\"elementor-element elementor-element-25665e2e elementor-widget elementor-widget-spacer\" data-id=\"25665e2e\" data-element_type=\"widget\" data-e-type=\"widget\" data-widget_type=\"spacer.default\">\n\t\t\t\t<div class=\"elementor-widget-container\">\n\t\t\t\t\t\t\t<div class=\"elementor-spacer\">\n\t\t\t<div class=\"elementor-spacer-inner\"><\/div>\n\t\t<\/div>\n\t\t\t\t\t\t<\/div>\n\t\t\t\t<\/div>\n\t\t\t\t\t<\/div>\n\t\t\t\t<\/div>\n\t\t<div class=\"elementor-element elementor-element-61695170 e-flex e-con-boxed e-con e-parent\" data-id=\"61695170\" data-element_type=\"container\" data-e-type=\"container\">\n\t\t\t\t\t<div class=\"e-con-inner\">\n\t\t\t\t<div class=\"elementor-element elementor-element-43304cbc elementor-widget elementor-widget-heading\" data-id=\"43304cbc\" data-element_type=\"widget\" data-e-type=\"widget\" data-widget_type=\"heading.default\">\n\t\t\t\t<div class=\"elementor-widget-container\">\n\t\t\t\t\t<h2 class=\"elementor-heading-title elementor-size-default\">7. Modifications du R\u00e8glement\n\n<\/h2>\t\t\t\t<\/div>\n\t\t\t\t<\/div>\n\t\t\t\t<div class=\"elementor-element elementor-element-1a6d821d elementor-widget elementor-widget-spacer\" data-id=\"1a6d821d\" data-element_type=\"widget\" data-e-type=\"widget\" data-widget_type=\"spacer.default\">\n\t\t\t\t<div class=\"elementor-widget-container\">\n\t\t\t\t\t\t\t<div class=\"elementor-spacer\">\n\t\t\t<div class=\"elementor-spacer-inner\"><\/div>\n\t\t<\/div>\n\t\t\t\t\t\t<\/div>\n\t\t\t\t<\/div>\n\t\t\t\t<div class=\"elementor-element elementor-element-d143765 elementor-widget elementor-widget-text-editor\" data-id=\"d143765\" data-element_type=\"widget\" data-e-type=\"widget\" data-widget_type=\"text-editor.default\">\n\t\t\t\t<div class=\"elementor-widget-container\">\n\t\t\t\t\t\t\t\t\t<p>Ce r\u00e8glement est susceptible d\u2019\u00eatre modifi\u00e9 pour s\u2019adapter aux \u00e9volutions de la plateforme et aux lois en vigueur. Vous serez inform\u00e9 de toute modification, et votre acceptation des nouvelles conditions sera n\u00e9cessaire pour continuer \u00e0 utiliser nos services.<\/p>\t\t\t\t\t\t\t\t<\/div>\n\t\t\t\t<\/div>\n\t\t\t\t<div class=\"elementor-element elementor-element-70414ca8 elementor-widget elementor-widget-spacer\" data-id=\"70414ca8\" data-element_type=\"widget\" data-e-type=\"widget\" data-widget_type=\"spacer.default\">\n\t\t\t\t<div class=\"elementor-widget-container\">\n\t\t\t\t\t\t\t<div class=\"elementor-spacer\">\n\t\t\t<div class=\"elementor-spacer-inner\"><\/div>\n\t\t<\/div>\n\t\t\t\t\t\t<\/div>\n\t\t\t\t<\/div>\n\t\t\t\t\t<\/div>\n\t\t\t\t<\/div>\n\t\t<div class=\"elementor-element elementor-element-2f8b720a e-flex e-con-boxed e-con e-parent\" data-id=\"2f8b720a\" data-element_type=\"container\" data-e-type=\"container\">\n\t\t\t\t\t<div class=\"e-con-inner\">\n\t\t\t\t<div class=\"elementor-element elementor-element-3618c61b elementor-widget elementor-widget-heading\" data-id=\"3618c61b\" data-element_type=\"widget\" data-e-type=\"widget\" data-widget_type=\"heading.default\">\n\t\t\t\t<div class=\"elementor-widget-container\">\n\t\t\t\t\t<h2 class=\"elementor-heading-title elementor-size-default\">8. Loi Applicable et Juridiction<\/h2>\t\t\t\t<\/div>\n\t\t\t\t<\/div>\n\t\t\t\t<div class=\"elementor-element elementor-element-58582067 elementor-widget elementor-widget-spacer\" data-id=\"58582067\" data-element_type=\"widget\" data-e-type=\"widget\" data-widget_type=\"spacer.default\">\n\t\t\t\t<div class=\"elementor-widget-container\">\n\t\t\t\t\t\t\t<div class=\"elementor-spacer\">\n\t\t\t<div class=\"elementor-spacer-inner\"><\/div>\n\t\t<\/div>\n\t\t\t\t\t\t<\/div>\n\t\t\t\t<\/div>\n\t\t\t\t<div class=\"elementor-element elementor-element-7f347fd0 elementor-widget elementor-widget-text-editor\" data-id=\"7f347fd0\" data-element_type=\"widget\" data-e-type=\"widget\" data-widget_type=\"text-editor.default\">\n\t\t\t\t<div class=\"elementor-widget-container\">\n\t\t\t\t\t\t\t\t\t<p>Ce r\u00e8glement est r\u00e9gi par les lois en vigueur au Maroc. Tout litige relatif \u00e0 l&rsquo;utilisation de la plateforme sera soumis \u00e0 la comp\u00e9tence exclusive des tribunaux marocains.<\/p>\t\t\t\t\t\t\t\t<\/div>\n\t\t\t\t<\/div>\n\t\t\t\t<div class=\"elementor-element elementor-element-5e09aa09 elementor-widget elementor-widget-spacer\" data-id=\"5e09aa09\" data-element_type=\"widget\" data-e-type=\"widget\" data-widget_type=\"spacer.default\">\n\t\t\t\t<div class=\"elementor-widget-container\">\n\t\t\t\t\t\t\t<div class=\"elementor-spacer\">\n\t\t\t<div class=\"elementor-spacer-inner\"><\/div>\n\t\t<\/div>\n\t\t\t\t\t\t<\/div>\n\t\t\t\t<\/div>\n\t\t\t\t\t<\/div>\n\t\t\t\t<\/div>\n\t\t<div class=\"elementor-element elementor-element-1193076 e-flex e-con-boxed e-con e-parent\" data-id=\"1193076\" data-element_type=\"container\" data-e-type=\"container\">\n\t\t\t\t\t<div class=\"e-con-inner\">\n\t\t\t\t<div class=\"elementor-element elementor-element-787f821a elementor-widget elementor-widget-text-editor\" data-id=\"787f821a\" data-element_type=\"widget\" data-e-type=\"widget\" data-widget_type=\"text-editor.default\">\n\t\t\t\t<div class=\"elementor-widget-container\">\n\t\t\t\t\t\t\t\t\t<ul><li><strong><span class=\"text-wrapper\"><span class=\"text\">Voir Nos Formations: <\/span><\/span><\/strong><a href=\"https:\/\/cpacademy.ma\/ar\/formations\/\"><span class=\"text-wrapper\"><span class=\"text\">https:\/\/cpacademy.ma\/formations\/<\/span><\/span><\/a><\/li><li><strong>Nos Kits et Produits Solaires: <\/strong><a href=\"https:\/\/cptechmaroc.ma\/\">https:\/\/cptechmaroc.ma\/<\/a><\/li><li><p id=\"et-highlight-heading-164551\" class=\"et-highlight-heading text-align-left tablet-text-align-inherit mobile-text-align-inherit\" data-mobile-font=\"inherit\" data-mobile-line-height=\"inherit\" data-tablet-landscape-font=\"inherit\" data-tablet-portrait-font=\"inherit\" data-tablet-landscape-line-height=\"inherit\" data-tablet-portrait-line-height=\"inherit\" data-parallax=\"false\" data-move=\"false\" data-coordinatex=\"0\" data-coordinatey=\"0\" data-speed=\"10\"><span class=\"text-wrapper\"><span class=\"text\"><strong>Bureau D&rsquo;\u00e9tudes \u00c9nergies Solaires:<\/strong> <a href=\"https:\/\/cptechmaroc.ma\/bureau-detudes-energies-solaires-au-maroc-bet\/\">https:\/\/cptechmaroc.ma\/bureau-detudes-energies-solaires-au-maroc-bet\/<\/a><\/span><\/span><\/p><\/li><li><strong>Solutions D\u2019irrigation et Pompage: <\/strong><a href=\"https:\/\/cpagricole.ma\/\">https:\/\/cpagricole.ma\/<\/a><\/li><li><strong>Atelier <span class=\"text-wrapper\"><span class=\"text\">\u00c9nergies Solaires: <\/span><\/span><\/strong><a href=\"https:\/\/audacesolaire.ma\/\"><span class=\"text-wrapper\"><span class=\"text\">https:\/\/audacesolaire.ma\/<\/span><\/span><\/a><\/li><\/ul>\t\t\t\t\t\t\t\t<\/div>\n\t\t\t\t<\/div>\n\t\t\t\t\t<\/div>\n\t\t\t\t<\/div>\n\t\t\t\t<\/div>","protected":false},"excerpt":{"rendered":"<p>1. Objet du R\u00e8glement Ce r\u00e8glement a pour objectif de garantir une utilisation respectueuse, s\u00e9curis\u00e9e, et agr\u00e9able de la plateforme CP Academy pour tous les \u00e9tudiants. En vous inscrivant et en utilisant notre site, vous acceptez de respecter les r\u00e8gles &hellip; <\/p>","protected":false},"author":7,"featured_media":0,"parent":0,"menu_order":0,"comment_status":"closed","ping_status":"closed","template":"","meta":{"footnotes":""},"class_list":["post-23448","page","type-page","status-publish","hentry"],"_links":{"self":[{"href":"https:\/\/cpacademy.ma\/ar\/wp-json\/wp\/v2\/pages\/23448","targetHints":{"allow":["GET"]}}],"collection":[{"href":"https:\/\/cpacademy.ma\/ar\/wp-json\/wp\/v2\/pages"}],"about":[{"href":"https:\/\/cpacademy.ma\/ar\/wp-json\/wp\/v2\/types\/page"}],"author":[{"embeddable":true,"href":"https:\/\/cpacademy.ma\/ar\/wp-json\/wp\/v2\/users\/7"}],"replies":[{"embeddable":true,"href":"https:\/\/cpacademy.ma\/ar\/wp-json\/wp\/v2\/comments?post=23448"}],"version-history":[{"count":4,"href":"https:\/\/cpacademy.ma\/ar\/wp-json\/wp\/v2\/pages\/23448\/revisions"}],"predecessor-version":[{"id":23463,"href":"https:\/\/cpacademy.ma\/ar\/wp-json\/wp\/v2\/pages\/23448\/revisions\/23463"}],"wp:attachment":[{"href":"https:\/\/cpacademy.ma\/ar\/wp-json\/wp\/v2\/media?parent=23448"}],"curies":[{"name":"wp","href":"https:\/\/api.w.org\/{rel}","templated":true}]}}