{"id":91,"date":"2015-10-22T03:26:46","date_gmt":"2015-10-22T03:26:46","guid":{"rendered":"http:\/\/demo.thimpress.com\/eduma\/?page_id=91"},"modified":"2024-08-28T17:45:10","modified_gmt":"2024-08-28T17:45:10","slug":"faqs-2","status":"publish","type":"page","link":"https:\/\/cpacademy.ma\/ar\/faqs-2\/","title":{"rendered":"FAQs"},"content":{"rendered":"<div data-elementor-type=\"wp-post\" data-elementor-id=\"91\" class=\"elementor elementor-91\" data-elementor-post-type=\"page\">\n\t\t\t\t\t\t<section class=\"elementor-section elementor-top-section elementor-element elementor-element-80adcd5 elementor-section-stretched elementor-section-boxed elementor-section-height-default elementor-section-height-default\" data-id=\"80adcd5\" data-element_type=\"section\" data-e-type=\"section\" data-settings=\"{&quot;stretch_section&quot;:&quot;section-stretched&quot;}\">\n\t\t\t\t\t\t<div class=\"elementor-container elementor-column-gap-custom\">\n\t\t\t\t\t<div class=\"elementor-column elementor-col-50 elementor-top-column elementor-element elementor-element-38830fa\" data-id=\"38830fa\" data-element_type=\"column\" data-e-type=\"column\">\n\t\t\t<div class=\"elementor-widget-wrap elementor-element-populated\">\n\t\t\t\t\t\t<div class=\"elementor-element elementor-element-04a496f elementor-widget elementor-widget-thim-accordion\" data-id=\"04a496f\" data-element_type=\"widget\" data-e-type=\"widget\" data-widget_type=\"thim-accordion.default\">\n\t\t\t\t<div class=\"elementor-widget-container\">\n\t\t\t\t\t<div class=\"thim-widget-accordion accordion-new-style\"><h3 class=\"widget-title\">Achats et Remboursements<\/h3><div id=\"accordion_04a496f\" class=\"panel-group\" role=\"tablist\" aria-multiselectable=\"true\">\n\t\t\t<div class=\"panel panel-default\">\n\t\t\t\t<div class=\"panel-heading\" role=\"tab\"\n\t\t\t\t\t id=\"heading_accordion_04a496f_0\">\n\t\t\t\t\t<h4 class=\"panel-title\">\n\t\t\t\t\t\t<a role=\"button\" class=\"collapsed\" data-toggle=\"collapse\"\n\t\t\t\t\t\t   data-parent=\"#accordion_04a496f\"\n\t\t\t\t\t\t   href=\"#collapse_accordion_04a496f_0\" aria-expanded=\"false\"\n\t\t\t\t\t\t   aria-controls=\"collapse_accordion_04a496f_0\">\n\t\t\t\t\t\t\tPourquoi mon paiement ne passe-t-il pas ?\t\t\t\t\t\t<\/a>\n\t\t\t\t\t<\/h4>\n\t\t\t\t<\/div>\n\t\t\t\t<div id=\"collapse_accordion_04a496f_0\"\n\t\t\t\t\t class=\"panel-collapse collapse\"\n\t\t\t\t\t role=\"tabpanel\" aria-labelledby=\"heading_accordion_04a496f_0\">\n\t\t\t\t\t<div class=\"panel-body\">\n\t\t\t\t\t\t<p>Il peut y avoir plusieurs raisons pour lesquelles votre paiement ne passe pas. Assurez-vous que votre carte est valide, que vous avez suffisamment de fonds disponibles, et que vous avez correctement saisi les informations de paiement. Si le probl\u00e8me persiste, contactez votre banque ou essayez un autre mode de paiement. Vous pouvez \u00e9galement nous contacter via notre page \"Contactez-nous\" pour obtenir de l'aide.<\/p>\n\t\t\t\t\t<\/div>\n\t\t\t\t<\/div>\n\t\t\t<\/div>\n\n\t\t\n\t\t\t<div class=\"panel panel-default\">\n\t\t\t\t<div class=\"panel-heading\" role=\"tab\"\n\t\t\t\t\t id=\"heading_accordion_04a496f_1\">\n\t\t\t\t\t<h4 class=\"panel-title\">\n\t\t\t\t\t\t<a role=\"button\" class=\"collapsed\" data-toggle=\"collapse\"\n\t\t\t\t\t\t   data-parent=\"#accordion_04a496f\"\n\t\t\t\t\t\t   href=\"#collapse_accordion_04a496f_1\" aria-expanded=\"false\"\n\t\t\t\t\t\t   aria-controls=\"collapse_accordion_04a496f_1\">\n\t\t\t\t\t\t\tComment puis-je acc\u00e9der \u00e0 mon cours apr\u00e8s avoir pay\u00e9 ?\t\t\t\t\t\t<\/a>\n\t\t\t\t\t<\/h4>\n\t\t\t\t<\/div>\n\t\t\t\t<div id=\"collapse_accordion_04a496f_1\"\n\t\t\t\t\t class=\"panel-collapse collapse\"\n\t\t\t\t\t role=\"tabpanel\" aria-labelledby=\"heading_accordion_04a496f_1\">\n\t\t\t\t\t<div class=\"panel-body\">\n\t\t\t\t\t\t<p>Apr\u00e8s confirmation de votre paiement, vous recevrez un email avec les instructions pour acc\u00e9der \u00e0 votre cours. Vous pouvez \u00e9galement vous connecter \u00e0 votre compte sur notre site et acc\u00e9der \u00e0 vos cours depuis votre tableau de bord.<\/p>\n\t\t\t\t\t<\/div>\n\t\t\t\t<\/div>\n\t\t\t<\/div>\n\n\t\t\n\t\t\t<div class=\"panel panel-default\">\n\t\t\t\t<div class=\"panel-heading\" role=\"tab\"\n\t\t\t\t\t id=\"heading_accordion_04a496f_2\">\n\t\t\t\t\t<h4 class=\"panel-title\">\n\t\t\t\t\t\t<a role=\"button\" class=\"collapsed\" data-toggle=\"collapse\"\n\t\t\t\t\t\t   data-parent=\"#accordion_04a496f\"\n\t\t\t\t\t\t   href=\"#collapse_accordion_04a496f_2\" aria-expanded=\"false\"\n\t\t\t\t\t\t   aria-controls=\"collapse_accordion_04a496f_2\">\n\t\t\t\t\t\t\tQuels modes de paiement sont accept\u00e9s pour les achats ?\t\t\t\t\t\t<\/a>\n\t\t\t\t\t<\/h4>\n\t\t\t\t<\/div>\n\t\t\t\t<div id=\"collapse_accordion_04a496f_2\"\n\t\t\t\t\t class=\"panel-collapse collapse\"\n\t\t\t\t\t role=\"tabpanel\" aria-labelledby=\"heading_accordion_04a496f_2\">\n\t\t\t\t\t<div class=\"panel-body\">\n\t\t\t\t\t\t<p>Nous acceptons les principales cartes de cr\u00e9dit et de d\u00e9bit (Visa, Mastercard), ainsi que PayPal et les virements bancaires. D'autres m\u00e9thodes de paiement peuvent \u00eatre disponibles selon votre r\u00e9gion.<\/p>\n\t\t\t\t\t<\/div>\n\t\t\t\t<\/div>\n\t\t\t<\/div>\n\n\t\t<\/div><\/div>\t\t\t\t<\/div>\n\t\t\t\t<\/div>\n\t\t\t\t\t<\/div>\n\t\t<\/div>\n\t\t\t\t<div class=\"elementor-column elementor-col-50 elementor-top-column elementor-element elementor-element-f9fc1c8\" data-id=\"f9fc1c8\" data-element_type=\"column\" data-e-type=\"column\">\n\t\t\t<div class=\"elementor-widget-wrap elementor-element-populated\">\n\t\t\t\t\t\t<div class=\"elementor-element elementor-element-db3aa8d elementor-widget elementor-widget-thim-accordion\" data-id=\"db3aa8d\" data-element_type=\"widget\" data-e-type=\"widget\" data-widget_type=\"thim-accordion.default\">\n\t\t\t\t<div class=\"elementor-widget-container\">\n\t\t\t\t\t<div class=\"thim-widget-accordion accordion-new-style\"><h3 class=\"widget-title\">Cr\u00e9ation de cours<\/h3><div id=\"accordion_db3aa8d\" class=\"panel-group\" role=\"tablist\" aria-multiselectable=\"true\">\n\t\t\t<div class=\"panel panel-default\">\n\t\t\t\t<div class=\"panel-heading\" role=\"tab\"\n\t\t\t\t\t id=\"heading_accordion_db3aa8d_0\">\n\t\t\t\t\t<h4 class=\"panel-title\">\n\t\t\t\t\t\t<a role=\"button\" class=\"collapsed\" data-toggle=\"collapse\"\n\t\t\t\t\t\t   data-parent=\"#accordion_db3aa8d\"\n\t\t\t\t\t\t   href=\"#collapse_accordion_db3aa8d_0\" aria-expanded=\"false\"\n\t\t\t\t\t\t   aria-controls=\"collapse_accordion_db3aa8d_0\">\n\t\t\t\t\t\t\tComment puis-je changer le nom de mon compte ?\t\t\t\t\t\t<\/a>\n\t\t\t\t\t<\/h4>\n\t\t\t\t<\/div>\n\t\t\t\t<div id=\"collapse_accordion_db3aa8d_0\"\n\t\t\t\t\t class=\"panel-collapse collapse\"\n\t\t\t\t\t role=\"tabpanel\" aria-labelledby=\"heading_accordion_db3aa8d_0\">\n\t\t\t\t\t<div class=\"panel-body\">\n\t\t\t\t\t\t<p>Pour changer le nom de votre compte, connectez-vous \u00e0 votre profil, puis acc\u00e9dez \u00e0 la section \"Param\u00e8tres du compte\". Cliquez sur \"Modifier le profil\" et saisissez le nouveau nom que vous souhaitez utiliser. N'oubliez pas d'enregistrer les modifications pour qu'elles prennent effet.<\/p>\n\t\t\t\t\t<\/div>\n\t\t\t\t<\/div>\n\t\t\t<\/div>\n\n\t\t\n\t\t\t<div class=\"panel panel-default\">\n\t\t\t\t<div class=\"panel-heading\" role=\"tab\"\n\t\t\t\t\t id=\"heading_accordion_db3aa8d_1\">\n\t\t\t\t\t<h4 class=\"panel-title\">\n\t\t\t\t\t\t<a role=\"button\" class=\"collapsed\" data-toggle=\"collapse\"\n\t\t\t\t\t\t   data-parent=\"#accordion_db3aa8d\"\n\t\t\t\t\t\t   href=\"#collapse_accordion_db3aa8d_1\" aria-expanded=\"false\"\n\t\t\t\t\t\t   aria-controls=\"collapse_accordion_db3aa8d_1\">\n\t\t\t\t\t\t\tComment puis-je changer mon adresse e-mail ou mon mot de passe ?\t\t\t\t\t\t<\/a>\n\t\t\t\t\t<\/h4>\n\t\t\t\t<\/div>\n\t\t\t\t<div id=\"collapse_accordion_db3aa8d_1\"\n\t\t\t\t\t class=\"panel-collapse collapse\"\n\t\t\t\t\t role=\"tabpanel\" aria-labelledby=\"heading_accordion_db3aa8d_1\">\n\t\t\t\t\t<div class=\"panel-body\">\n\t\t\t\t\t\t<p>Pour changer votre adresse e-mail ou mot de passe, allez dans la section \"Param\u00e8tres du compte\" et s\u00e9lectionnez \"Modifier l'adresse e-mail\" ou \"Modifier le mot de passe\". Assurez-vous de bien enregistrer vos modifications pour qu'elles soient effectives.<\/p>\n\t\t\t\t\t<\/div>\n\t\t\t\t<\/div>\n\t\t\t<\/div>\n\n\t\t\n\t\t\t<div class=\"panel panel-default\">\n\t\t\t\t<div class=\"panel-heading\" role=\"tab\"\n\t\t\t\t\t id=\"heading_accordion_db3aa8d_2\">\n\t\t\t\t\t<h4 class=\"panel-title\">\n\t\t\t\t\t\t<a role=\"button\" class=\"collapsed\" data-toggle=\"collapse\"\n\t\t\t\t\t\t   data-parent=\"#accordion_db3aa8d\"\n\t\t\t\t\t\t   href=\"#collapse_accordion_db3aa8d_2\" aria-expanded=\"false\"\n\t\t\t\t\t\t   aria-controls=\"collapse_accordion_db3aa8d_2\">\n\t\t\t\t\t\t\tMon nom de compte est-il visible par les autres utilisateurs ?\t\t\t\t\t\t<\/a>\n\t\t\t\t\t<\/h4>\n\t\t\t\t<\/div>\n\t\t\t\t<div id=\"collapse_accordion_db3aa8d_2\"\n\t\t\t\t\t class=\"panel-collapse collapse\"\n\t\t\t\t\t role=\"tabpanel\" aria-labelledby=\"heading_accordion_db3aa8d_2\">\n\t\t\t\t\t<div class=\"panel-body\">\n\t\t\t\t\t\t<p>Oui, votre nom de compte est visible par les autres utilisateurs, notamment dans les forums de discussion, les \u00e9valuations de cours, et les profils publics. Choisissez un nom que vous \u00eates \u00e0 l'aise de partager avec les autres.<\/p>\n\t\t\t\t\t<\/div>\n\t\t\t\t<\/div>\n\t\t\t<\/div>\n\n\t\t<\/div><\/div>\t\t\t\t<\/div>\n\t\t\t\t<\/div>\n\t\t\t\t\t<\/div>\n\t\t<\/div>\n\t\t\t\t\t<\/div>\n\t\t<\/section>\n\t\t<div class=\"elementor-element elementor-element-ddce7c8 e-flex e-con-boxed e-con e-parent\" data-id=\"ddce7c8\" data-element_type=\"container\" data-e-type=\"container\">\n\t\t\t\t\t<div class=\"e-con-inner\">\n\t\t\t\t<div class=\"elementor-element elementor-element-8ae81d5 elementor-widget elementor-widget-spacer\" data-id=\"8ae81d5\" data-element_type=\"widget\" data-e-type=\"widget\" data-widget_type=\"spacer.default\">\n\t\t\t\t<div class=\"elementor-widget-container\">\n\t\t\t\t\t\t\t<div class=\"elementor-spacer\">\n\t\t\t<div class=\"elementor-spacer-inner\"><\/div>\n\t\t<\/div>\n\t\t\t\t\t\t<\/div>\n\t\t\t\t<\/div>\n\t\t\t\t\t<\/div>\n\t\t\t\t<\/div>\n\t\t\t\t<section class=\"elementor-section elementor-top-section elementor-element elementor-element-d8653e5 elementor-section-stretched elementor-section-boxed elementor-section-height-default elementor-section-height-default\" data-id=\"d8653e5\" data-element_type=\"section\" data-e-type=\"section\" data-settings=\"{&quot;stretch_section&quot;:&quot;section-stretched&quot;}\">\n\t\t\t\t\t\t<div class=\"elementor-container elementor-column-gap-default\">\n\t\t\t\t\t<div class=\"elementor-column elementor-col-50 elementor-top-column elementor-element elementor-element-9a238d9 faq_step\" data-id=\"9a238d9\" data-element_type=\"column\" data-e-type=\"column\" data-settings=\"{&quot;background_background&quot;:&quot;classic&quot;}\">\n\t\t\t<div class=\"elementor-widget-wrap elementor-element-populated\">\n\t\t\t\t\t\t<div class=\"elementor-element elementor-element-0f5d996 elementor-widget thim-ekits-heading elementor-widget-thim-heading\" data-id=\"0f5d996\" data-element_type=\"widget\" data-e-type=\"widget\" data-widget_type=\"thim-heading.default\">\n\t\t\t\t<div class=\"elementor-widget-container\">\n\t\t\t\t\t<div class=\"sc_heading\"><h3 class=\"title\">Faites le premier pas<\/h3><div class=\"sub-heading\"><p>D\u00e9couvrez comment l'apprentissage des \u00e9nergies renouvelables peut transformer votre avenir et celui de notre plan\u00e8te. En rejoignant CP Academy, vous acc\u00e9dez \u00e0 des connaissances de pointe qui vous permettront de devenir un acteur du changement.<\/p>\n<\/div><\/div>\t\t\t\t<\/div>\n\t\t\t\t<\/div>\n\t\t\t\t<div class=\"elementor-element elementor-element-0718d35 iconbox-text-left elementor-widget elementor-widget-thim-icon-box\" data-id=\"0718d35\" data-element_type=\"widget\" data-e-type=\"widget\" data-widget_type=\"thim-icon-box.default\">\n\t\t\t\t<div class=\"elementor-widget-container\">\n\t\t\t\t\t<div class=\"thim-widget-icon-box\"><div class=\"wrapper-box-icon layout_text_number text-left\"><div class=\"smicon-box iconbox-left\"><div class=\"boxes-icon\"><span class=\"inner-icon\"><span class=\"text-number-icon\">01<\/span><\/span><\/div><div class=\"content-inner\"><div class=\"sc-heading\"><h4 class=\"heading__primary\">Solutions Innovantes<\/h4><\/div><div class=\"desc-icon-box\"><div class=\"desc-content\">Explorez des technologies de pointe et des approches novatrices dans le domaine des \u00e9nergies renouvelables qui transforment notre monde.<\/div><\/div><\/div><\/div><\/div><\/div>\t\t\t\t<\/div>\n\t\t\t\t<\/div>\n\t\t\t\t<div class=\"elementor-element elementor-element-3aa1c40 iconbox-text-left elementor-widget elementor-widget-thim-icon-box\" data-id=\"3aa1c40\" data-element_type=\"widget\" data-e-type=\"widget\" data-widget_type=\"thim-icon-box.default\">\n\t\t\t\t<div class=\"elementor-widget-container\">\n\t\t\t\t\t<div class=\"thim-widget-icon-box\"><div class=\"wrapper-box-icon layout_text_number text-left\"><div class=\"smicon-box iconbox-left\"><div class=\"boxes-icon\"><span class=\"inner-icon\"><span class=\"text-number-icon\">02<\/span><\/span><\/div><div class=\"content-inner\"><div class=\"sc-heading\"><h4 class=\"heading__primary\">Connaissances Pratiques<\/h4><\/div><div class=\"desc-icon-box\"><div class=\"desc-content\">Acqu\u00e9rez des comp\u00e9tences concr\u00e8tes et applicables directement dans des projets r\u00e9els li\u00e9s aux \u00e9nergies renouvelables.<\/div><\/div><\/div><\/div><\/div><\/div>\t\t\t\t<\/div>\n\t\t\t\t<\/div>\n\t\t\t\t<div class=\"elementor-element elementor-element-44e0d50 iconbox-text-left elementor-widget elementor-widget-thim-icon-box\" data-id=\"44e0d50\" data-element_type=\"widget\" data-e-type=\"widget\" data-widget_type=\"thim-icon-box.default\">\n\t\t\t\t<div class=\"elementor-widget-container\">\n\t\t\t\t\t<div class=\"thim-widget-icon-box\"><div class=\"wrapper-box-icon layout_text_number text-left\"><div class=\"smicon-box iconbox-left\"><div class=\"boxes-icon\"><span class=\"inner-icon\"><span class=\"text-number-icon\">03<\/span><\/span><\/div><div class=\"content-inner\"><div class=\"sc-heading\"><h4 class=\"heading__primary\">Avenir Durable<\/h4><\/div><div class=\"desc-icon-box\"><div class=\"desc-content\">Apprenez comment contribuer \u00e0 un avenir durable en ma\u00eetrisant les principes et les pratiques des \u00e9nergies renouvelables.\n\n<\/div><\/div><\/div><\/div><\/div><\/div>\t\t\t\t<\/div>\n\t\t\t\t<\/div>\n\t\t\t\t\t<\/div>\n\t\t<\/div>\n\t\t\t\t<div class=\"elementor-column elementor-col-50 elementor-top-column elementor-element elementor-element-fee6ed3\" data-id=\"fee6ed3\" data-element_type=\"column\" data-e-type=\"column\" data-settings=\"{&quot;background_background&quot;:&quot;classic&quot;}\">\n\t\t\t<div class=\"elementor-widget-wrap elementor-element-populated\">\n\t\t\t\t\t\t<div class=\"elementor-element elementor-element-c0946bf elementor-widget thim-ekits-heading elementor-widget-thim-heading\" data-id=\"c0946bf\" data-element_type=\"widget\" data-e-type=\"widget\" data-widget_type=\"thim-heading.default\">\n\t\t\t\t<div class=\"elementor-widget-container\">\n\t\t\t\t\t<div class=\"sc_heading\"><h3 class=\"title\">N'avez-vous pas trouv\u00e9 la r\u00e9ponse ??<\/h3><\/div>\t\t\t\t<\/div>\n\t\t\t\t<\/div>\n\t\t\t\t<div class=\"elementor-element elementor-element-969f3aa elementor-widget elementor-widget-thim-ekits-contact-form-7\" data-id=\"969f3aa\" data-element_type=\"widget\" data-e-type=\"widget\" data-widget_type=\"thim-ekits-contact-form-7.default\">\n\t\t\t\t<div class=\"elementor-widget-container\">\n\t\t\t\t\t\t\t\t<div class=\"thim-ekit-wpcf7\">\n\t\t\t\t\n<div class=\"wpcf7 no-js\" id=\"wpcf7-f14669-o1\" lang=\"en-US\" dir=\"ltr\" data-wpcf7-id=\"14669\">\n<div class=\"screen-reader-response\"><p role=\"status\" aria-live=\"polite\" aria-atomic=\"true\"><\/p> <ul><\/ul><\/div>\n<form action=\"\/ar\/wp-json\/wp\/v2\/pages\/91#wpcf7-f14669-o1\" method=\"post\" class=\"wpcf7-form init\" aria-label=\"Contact form\" novalidate=\"novalidate\" data-status=\"init\" data-trp-original-action=\"\/ar\/wp-json\/wp\/v2\/pages\/91#wpcf7-f14669-o1\">\n<fieldset class=\"hidden-fields-container\"><input type=\"hidden\" name=\"_wpcf7\" value=\"14669\" \/><input type=\"hidden\" name=\"_wpcf7_version\" value=\"6.1.5\" \/><input type=\"hidden\" name=\"_wpcf7_locale\" value=\"en_US\" \/><input type=\"hidden\" name=\"_wpcf7_unit_tag\" value=\"wpcf7-f14669-o1\" \/><input type=\"hidden\" name=\"_wpcf7_container_post\" value=\"0\" \/><input type=\"hidden\" name=\"_wpcf7_posted_data_hash\" value=\"\" \/>\n<\/fieldset>\n<p><span class=\"wpcf7-form-control-wrap\" data-name=\"your-name\"><input size=\"40\" maxlength=\"400\" class=\"wpcf7-form-control wpcf7-text wpcf7-validates-as-required\" aria-required=\"true\" aria-invalid=\"false\" placeholder=\"Name *\" value=\"\" type=\"text\" name=\"your-name\" \/><\/span>\n<\/p>\n<p><span class=\"wpcf7-form-control-wrap\" data-name=\"your-email\"><input size=\"40\" maxlength=\"400\" class=\"wpcf7-form-control wpcf7-email wpcf7-validates-as-required wpcf7-text wpcf7-validates-as-email\" aria-required=\"true\" aria-invalid=\"false\" placeholder=\"Email *\" value=\"\" type=\"email\" name=\"your-email\" \/><\/span>\n<\/p>\n<p><span class=\"wpcf7-form-control-wrap\" data-name=\"your-website\"><input size=\"40\" maxlength=\"400\" class=\"wpcf7-form-control wpcf7-text wpcf7-validates-as-required\" aria-required=\"true\" aria-invalid=\"false\" placeholder=\"Website *\" value=\"\" type=\"text\" name=\"your-website\" \/><\/span>\n<\/p>\n<p><span class=\"wpcf7-form-control-wrap\" data-name=\"your-message\"><textarea cols=\"40\" rows=\"10\" maxlength=\"2000\" class=\"wpcf7-form-control wpcf7-textarea\" aria-invalid=\"false\" placeholder=\"Message *\" name=\"your-message\"><\/textarea><\/span>\n<\/p>\n<p><input class=\"wpcf7-form-control wpcf7-submit has-spinner\" type=\"submit\" value=\"Submit now\" \/>\n<\/p><p style=\"display: none !important;\" class=\"akismet-fields-container\" data-prefix=\"_wpcf7_ak_\"><label>&#916;<textarea name=\"_wpcf7_ak_hp_textarea\" cols=\"45\" rows=\"8\" maxlength=\"100\"><\/textarea><\/label><input type=\"hidden\" id=\"ak_js_1\" name=\"_wpcf7_ak_js\" value=\"62\"\/><script>document.getElementById( \"ak_js_1\" ).setAttribute( \"value\", ( new Date() ).getTime() );<\/script><\/p><div class=\"wpcf7-response-output\" aria-hidden=\"true\"><\/div>\n<input type=\"hidden\" name=\"trp-form-language\" value=\"ar\"\/><\/form>\n<\/div>\n\t\t\t<\/div>\n\t\t\t\t\t\t<\/div>\n\t\t\t\t<\/div>\n\t\t\t\t\t<\/div>\n\t\t<\/div>\n\t\t\t\t\t<\/div>\n\t\t<\/section>\n\t\t\t\t<\/div>","protected":false},"excerpt":{"rendered":"<p>Achats et Remboursements Pourquoi mon paiement ne passe-t-il pas ? Il peut y avoir plusieurs raisons pour lesquelles votre paiement ne passe pas. Assurez-vous que votre carte est valide, que vous avez suffisamment de fonds disponibles, et que vous avez &hellip; <\/p>","protected":false},"author":1,"featured_media":0,"parent":0,"menu_order":0,"comment_status":"closed","ping_status":"closed","template":"","meta":{"footnotes":""},"class_list":["post-91","page","type-page","status-publish","hentry"],"_links":{"self":[{"href":"https:\/\/cpacademy.ma\/ar\/wp-json\/wp\/v2\/pages\/91","targetHints":{"allow":["GET"]}}],"collection":[{"href":"https:\/\/cpacademy.ma\/ar\/wp-json\/wp\/v2\/pages"}],"about":[{"href":"https:\/\/cpacademy.ma\/ar\/wp-json\/wp\/v2\/types\/page"}],"author":[{"embeddable":true,"href":"https:\/\/cpacademy.ma\/ar\/wp-json\/wp\/v2\/users\/1"}],"replies":[{"embeddable":true,"href":"https:\/\/cpacademy.ma\/ar\/wp-json\/wp\/v2\/comments?post=91"}],"version-history":[{"count":9,"href":"https:\/\/cpacademy.ma\/ar\/wp-json\/wp\/v2\/pages\/91\/revisions"}],"predecessor-version":[{"id":23430,"href":"https:\/\/cpacademy.ma\/ar\/wp-json\/wp\/v2\/pages\/91\/revisions\/23430"}],"wp:attachment":[{"href":"https:\/\/cpacademy.ma\/ar\/wp-json\/wp\/v2\/media?parent=91"}],"curies":[{"name":"wp","href":"https:\/\/api.w.org\/{rel}","templated":true}]}}