{"id":19308,"date":"2023-08-17T19:59:45","date_gmt":"2023-08-17T19:59:45","guid":{"rendered":"https:\/\/academy.cptechmaroc.ma\/?post_type=product&#038;p=19308"},"modified":"2024-09-02T17:24:15","modified_gmt":"2024-09-02T17:24:15","slug":"formation-energie-solaire-on-grid-pdf","status":"publish","type":"product","link":"https:\/\/cpacademy.ma\/ar\/product\/formation-energie-solaire-on-grid-pdf\/","title":{"rendered":"Formation \u00e9nergie solaire On-grid PDF"},"content":{"rendered":"<h4 class=\"title\" style=\"color: #16e2f5; text-align: left;\"><strong>Extrait du sommaire:<\/strong><\/h4>\n<ol>\n<li>Principe et types d\u2019applications P.2<\/li>\n<li>Les Techniques d\u2019autoconsommation domestiques et tertiaires P.4<br \/>\na. Dimensionnement de la puissance cr\u00eate P.4<br \/>\nb. R\u00e9gulation de la charge P.4<br \/>\nc. Ajout de stockage \u00e9lectrique P.5<br \/>\nd. Stockage thermique P.6<\/li>\n<li>Le dimensionnement et conception P.7<\/li>\n<li>La r\u00e9alit\u00e9 \u00e9conomique : calculs de coins de tables P.8<br \/>\na. Avec stockage P.9<br \/>\nb. Avec une r\u00e9gulation d\u2019\u00e9nergie P.9<br \/>\nc. Conclusion calculs \u00e9conomiques P.9<\/li>\n<li>Limites et pr\u00e9cautions P.10<br \/>\na. Pour les clients finaux P.10<br \/>\nb. Pour les installateurs P.11<\/li>\n<li>Conclusion et positionnement de System On Grid P.11<\/li>\n<\/ol>","protected":false},"excerpt":{"rendered":"<h4 class=\"title\" style=\"color: #16e2f5; text-align: left;\"><strong>R\u00e9sum\u00e9<\/strong>:<\/h4>\n<p>Autoconsommation = consommation locale de l\u2019\u00e9lectricit\u00e9 photovolta\u00efque produite. D\u2019un point de vue physique, l\u2019autoconsommation ne pr\u00e9sente aucune diff\u00e9rence avec la revente totale.<\/p>\n<p>Les centrales sont dans les deux cas raccord\u00e9es au r\u00e9seau public et l\u2019\u00e9lectricit\u00e9 prend toujours le chemin le plus court. L\u2019autoconsommation existe uniquement \u00e0 travers le point de raccordement de cette centrale et son positionnement par rapport aux compteurs.<\/p>\n<p>Dans le cadre de l\u2019autoconsommation, la centrale est raccord\u00e9e sur le r\u00e9seau c\u00f4t\u00e9 propri\u00e9taire, donc en aval du compteur de consommation. La production est donc assimil\u00e9e \u00e0 une charge n\u00e9gative et vient diminuer la demande de puissance au r\u00e9seau public.<\/p>\n<p>En ce sens cette technique permet alors de diminuer la consommation en provenance du r\u00e9seau public et donc les factures associ\u00e9es.<\/p>","protected":false},"featured_media":18910,"comment_status":"open","ping_status":"closed","template":"","meta":[],"product_brand":[],"product_cat":[149],"product_tag":[44,33,57,32,151],"class_list":{"0":"post-19308","1":"product","2":"type-product","3":"status-publish","4":"has-post-thumbnail","6":"product_cat-formations-sur-lenergie-solaire-pdf","7":"product_tag-formations","8":"product_tag-livre","9":"product_tag-ongrid","10":"product_tag-photovoltaique","11":"product_tag-specialisation","13":"first","14":"instock","15":"sale","16":"downloadable","17":"sold-individually","18":"shipping-taxable","19":"purchasable","20":"product-type-simple"},"_links":{"self":[{"href":"https:\/\/cpacademy.ma\/ar\/wp-json\/wp\/v2\/product\/19308","targetHints":{"allow":["GET"]}}],"collection":[{"href":"https:\/\/cpacademy.ma\/ar\/wp-json\/wp\/v2\/product"}],"about":[{"href":"https:\/\/cpacademy.ma\/ar\/wp-json\/wp\/v2\/types\/product"}],"replies":[{"embeddable":true,"href":"https:\/\/cpacademy.ma\/ar\/wp-json\/wp\/v2\/comments?post=19308"}],"wp:featuredmedia":[{"embeddable":true,"href":"https:\/\/cpacademy.ma\/ar\/wp-json\/wp\/v2\/media\/18910"}],"wp:attachment":[{"href":"https:\/\/cpacademy.ma\/ar\/wp-json\/wp\/v2\/media?parent=19308"}],"wp:term":[{"taxonomy":"product_brand","embeddable":true,"href":"https:\/\/cpacademy.ma\/ar\/wp-json\/wp\/v2\/product_brand?post=19308"},{"taxonomy":"product_cat","embeddable":true,"href":"https:\/\/cpacademy.ma\/ar\/wp-json\/wp\/v2\/product_cat?post=19308"},{"taxonomy":"product_tag","embeddable":true,"href":"https:\/\/cpacademy.ma\/ar\/wp-json\/wp\/v2\/product_tag?post=19308"}],"curies":[{"name":"wp","href":"https:\/\/api.w.org\/{rel}","templated":true}]}}