{"id":19310,"date":"2023-08-17T22:34:39","date_gmt":"2023-08-17T22:34:39","guid":{"rendered":"https:\/\/academy.cptechmaroc.ma\/?post_type=product&#038;p=19310"},"modified":"2024-09-02T17:27:29","modified_gmt":"2024-09-02T17:27:29","slug":"formation-energie-solaire-off-grid-pdf","status":"publish","type":"product","link":"https:\/\/cpacademy.ma\/ar\/product\/formation-energie-solaire-off-grid-pdf\/","title":{"rendered":"Formation \u00e9nergie solaire Off-grid PDF"},"content":{"rendered":"<h4 class=\"title\" style=\"color: #16e2f5; text-align: left;\"><strong>Extrait du sommaire:<\/strong><\/h4>\n<ol>\n<li>Introduction<\/li>\n<li>Syst\u00e8mes autonomes \u2014 exemples<br \/>\n\u2022 Habitats isol\u00e9s<br \/>\n\u2022 Besoins professionnels,<\/li>\n<li>Composants, crit\u00e8res de choix<br \/>\n\u2022 Panneaux photovolta\u00efques<br \/>\n\u2022 Batteries<br \/>\n\u2022 R\u00e9gulateurs \u2013 Onduleurs<br \/>\n\u2022 R\u00e9cepteurs \u2013 G\u00e9n\u00e9rateurs auxiliaires<\/li>\n<li>Dimensionnement d\u2019une installation autonome<\/li>\n<\/ol>","protected":false},"excerpt":{"rendered":"<h4 class=\"title\" style=\"color: #16e2f5; text-align: left;\"><strong>R\u00e9sum\u00e9<\/strong>:<\/h4>\n<p>Certains \u00e9l\u00e9ments abord\u00e9s dans le cours sur le solaire photovolta\u00efque (raccord\u00e9 r\u00e9seau) restent valables pour le photovolta\u00efque en site autonome:<\/p>\n<p>\u2022 Ph\u00e9nom\u00e8ne photovolta\u00efque,<br \/>\n\u2022 Type de cellules,<br \/>\n\u2022 Constitution modules,<br \/>\n\u2022 Impact des conditions climatiques (temp\u00e9rature\u2026)<br \/>\n\u2022 Ombrages,<\/p>\n<p>D\u2019autres notions sp\u00e9cifiques n\u00e9cessitent une approche diff\u00e9rente ou compl\u00e9mentaire. Ce sont ces \u00e9l\u00e9ments qui seront vu ci apr\u00e8s.<\/p>","protected":false},"featured_media":18911,"comment_status":"open","ping_status":"closed","template":"","meta":[],"product_brand":[],"product_cat":[149,36],"product_tag":[44,33,39,32,151],"class_list":{"0":"post-19310","1":"product","2":"type-product","3":"status-publish","4":"has-post-thumbnail","6":"product_cat-formations-sur-lenergie-solaire-pdf","7":"product_cat-hors-reseau","8":"product_tag-formations","9":"product_tag-livre","10":"product_tag-offgrid","11":"product_tag-photovoltaique","12":"product_tag-specialisation","14":"first","15":"instock","16":"sale","17":"downloadable","18":"sold-individually","19":"shipping-taxable","20":"purchasable","21":"product-type-simple"},"_links":{"self":[{"href":"https:\/\/cpacademy.ma\/ar\/wp-json\/wp\/v2\/product\/19310","targetHints":{"allow":["GET"]}}],"collection":[{"href":"https:\/\/cpacademy.ma\/ar\/wp-json\/wp\/v2\/product"}],"about":[{"href":"https:\/\/cpacademy.ma\/ar\/wp-json\/wp\/v2\/types\/product"}],"replies":[{"embeddable":true,"href":"https:\/\/cpacademy.ma\/ar\/wp-json\/wp\/v2\/comments?post=19310"}],"wp:featuredmedia":[{"embeddable":true,"href":"https:\/\/cpacademy.ma\/ar\/wp-json\/wp\/v2\/media\/18911"}],"wp:attachment":[{"href":"https:\/\/cpacademy.ma\/ar\/wp-json\/wp\/v2\/media?parent=19310"}],"wp:term":[{"taxonomy":"product_brand","embeddable":true,"href":"https:\/\/cpacademy.ma\/ar\/wp-json\/wp\/v2\/product_brand?post=19310"},{"taxonomy":"product_cat","embeddable":true,"href":"https:\/\/cpacademy.ma\/ar\/wp-json\/wp\/v2\/product_cat?post=19310"},{"taxonomy":"product_tag","embeddable":true,"href":"https:\/\/cpacademy.ma\/ar\/wp-json\/wp\/v2\/product_tag?post=19310"}],"curies":[{"name":"wp","href":"https:\/\/api.w.org\/{rel}","templated":true}]}}