{"id":19311,"date":"2023-08-18T15:09:00","date_gmt":"2023-08-18T15:09:00","guid":{"rendered":"https:\/\/academy.cptechmaroc.ma\/?post_type=product&#038;p=19311"},"modified":"2024-09-02T17:33:35","modified_gmt":"2024-09-02T17:33:35","slug":"formation-energie-solaire-hybrid-pdf","status":"publish","type":"product","link":"https:\/\/cpacademy.ma\/ar\/product\/formation-energie-solaire-hybrid-pdf\/","title":{"rendered":"Formation \u00e9nergie solaire Hybrid PDF"},"content":{"rendered":"<h4 class=\"title\" style=\"color: #16e2f5; text-align: left;\"><strong>Extrait du sommaire:<\/strong><\/h4>\n<ul>\n<li>Notions d\u2019\u00e9nergie solaire.<\/li>\n<li>Cellules, modules photovolta\u00efques.<\/li>\n<li>Syst\u00e8mes d\u2019autoconsommation avec stockage solaire hybride.<\/li>\n<li>Le dimensionnement d\u2019un syst\u00e8me d\u2019autoconsommation avec stockage solaire hybride \u201cles principes g\u00e9n\u00e9raux\u201d.<\/li>\n<li>Choix et prix des \u00e9quipements.<\/li>\n<li>Les op\u00e9rations \u00e0 effectuer lors de l\u2019installation du syst\u00e8me d\u2019autoconsommation avec stockage solaire hybride.<\/li>\n<li>Le fonctionnement et le r\u00f4le des diff\u00e9rant composant du syst\u00e8me d\u2019autoconsommation avec stockage solaire hybride.<\/li>\n<\/ul>","protected":false},"excerpt":{"rendered":"<h4 class=\"title\" style=\"color: #16e2f5; text-align: left;\"><strong>R\u00e9sum\u00e9<\/strong>:<\/h4>\n<p>Reconna\u00eetre \u00e0 partir de plans techniques et technologiques le fonctionnement des \u00e9quipements constituant une installation d\u2019autoconsommation avec stockage solaire hybride.<\/p>\n<p>L\u2019identification des besoins du client, le dimensionnement des diff\u00e9rents \u00e9quipements et mat\u00e9riels constituant un syst\u00e8me d\u2019autoconsommation avec stockage ou anti-coupure solaire hybride.<\/p>\n<p>\u00c9tablir un devis qui r\u00e9pond aux attentes du client, assurer l\u2019installation, la mise en service, le contr\u00f4le, la livraison et la maintenance des installations solaires.<\/p>","protected":false},"featured_media":18912,"comment_status":"open","ping_status":"closed","template":"","meta":[],"product_brand":[],"product_cat":[149,42],"product_tag":[44,62,33,32,151],"class_list":{"0":"post-19311","1":"product","2":"type-product","3":"status-publish","4":"has-post-thumbnail","6":"product_cat-formations-sur-lenergie-solaire-pdf","7":"product_cat-hybride","8":"product_tag-formations","9":"product_tag-hybrid","10":"product_tag-livre","11":"product_tag-photovoltaique","12":"product_tag-specialisation","14":"first","15":"instock","16":"sale","17":"downloadable","18":"sold-individually","19":"shipping-taxable","20":"purchasable","21":"product-type-simple"},"_links":{"self":[{"href":"https:\/\/cpacademy.ma\/ar\/wp-json\/wp\/v2\/product\/19311","targetHints":{"allow":["GET"]}}],"collection":[{"href":"https:\/\/cpacademy.ma\/ar\/wp-json\/wp\/v2\/product"}],"about":[{"href":"https:\/\/cpacademy.ma\/ar\/wp-json\/wp\/v2\/types\/product"}],"replies":[{"embeddable":true,"href":"https:\/\/cpacademy.ma\/ar\/wp-json\/wp\/v2\/comments?post=19311"}],"wp:featuredmedia":[{"embeddable":true,"href":"https:\/\/cpacademy.ma\/ar\/wp-json\/wp\/v2\/media\/18912"}],"wp:attachment":[{"href":"https:\/\/cpacademy.ma\/ar\/wp-json\/wp\/v2\/media?parent=19311"}],"wp:term":[{"taxonomy":"product_brand","embeddable":true,"href":"https:\/\/cpacademy.ma\/ar\/wp-json\/wp\/v2\/product_brand?post=19311"},{"taxonomy":"product_cat","embeddable":true,"href":"https:\/\/cpacademy.ma\/ar\/wp-json\/wp\/v2\/product_cat?post=19311"},{"taxonomy":"product_tag","embeddable":true,"href":"https:\/\/cpacademy.ma\/ar\/wp-json\/wp\/v2\/product_tag?post=19311"}],"curies":[{"name":"wp","href":"https:\/\/api.w.org\/{rel}","templated":true}]}}