{"id":19312,"date":"2023-08-18T15:13:52","date_gmt":"2023-08-18T15:13:52","guid":{"rendered":"https:\/\/academy.cptechmaroc.ma\/?post_type=product&#038;p=19312"},"modified":"2024-09-02T17:19:36","modified_gmt":"2024-09-02T17:19:36","slug":"formation-chauffe-eau-solaire-cesi-pdf","status":"publish","type":"product","link":"https:\/\/cpacademy.ma\/ar\/product\/formation-chauffe-eau-solaire-cesi-pdf\/","title":{"rendered":"Formation chauffe-eau solaire CESI PDF"},"content":{"rendered":"<p>D\u00e9couvrez les principes essentiels du chauffe-eau solaire \u00e0 travers cette formation compl\u00e8te. Nous abordons les diff\u00e9rents types de capteurs solaires thermiques, ainsi que les chauffe-eaux solaires. Apprenez \u00e0 \u00e9valuer les besoins en eau chaude sanitaire, \u00e0 choisir le mat\u00e9riel ad\u00e9quat, et \u00e0 comprendre les performances des capteurs solaires. De plus, explorez les techniques de protection contre le gel, l&rsquo;utilisation de limiteurs de temp\u00e9rature, et d&rsquo;autres \u00e9l\u00e9ments cruciaux pour optimiser votre syst\u00e8me solaire thermique.<\/p>","protected":false},"excerpt":{"rendered":"<h4 class=\"title\" style=\"color: #16e2f5; text-align: left;\"><strong>R\u00e9sum\u00e9<\/strong>:<\/h4>\n<p>Reconna\u00eetre \u00e0 partir de plans techniques et technologiques le fonctionnement des \u00e9quipements constituant une installation de chauffe-eau solaire.<\/p>\n<p>L\u2019identification des besoins du client. le dimensionnement des diff\u00e9rents \u00e9quipements et mat\u00e9riels constituant un syst\u00e8me chauffe-eau solaire.<\/p>\n<p>\u00c9tablir un devis qui r\u00e9pond aux attentes du client, assurer l\u2019installation, la mise en service, le contr\u00f4le, la livraison et la maintenance des installations solaires.<\/p>","protected":false},"featured_media":18913,"comment_status":"open","ping_status":"closed","template":"","meta":[],"product_brand":[],"product_cat":[149],"product_tag":[44,33,151,38],"class_list":{"0":"post-19312","1":"product","2":"type-product","3":"status-publish","4":"has-post-thumbnail","6":"product_cat-formations-sur-lenergie-solaire-pdf","7":"product_tag-formations","8":"product_tag-livre","9":"product_tag-specialisation","10":"product_tag-thermique","12":"first","13":"instock","14":"sale","15":"downloadable","16":"sold-individually","17":"shipping-taxable","18":"purchasable","19":"product-type-simple"},"_links":{"self":[{"href":"https:\/\/cpacademy.ma\/ar\/wp-json\/wp\/v2\/product\/19312","targetHints":{"allow":["GET"]}}],"collection":[{"href":"https:\/\/cpacademy.ma\/ar\/wp-json\/wp\/v2\/product"}],"about":[{"href":"https:\/\/cpacademy.ma\/ar\/wp-json\/wp\/v2\/types\/product"}],"replies":[{"embeddable":true,"href":"https:\/\/cpacademy.ma\/ar\/wp-json\/wp\/v2\/comments?post=19312"}],"wp:featuredmedia":[{"embeddable":true,"href":"https:\/\/cpacademy.ma\/ar\/wp-json\/wp\/v2\/media\/18913"}],"wp:attachment":[{"href":"https:\/\/cpacademy.ma\/ar\/wp-json\/wp\/v2\/media?parent=19312"}],"wp:term":[{"taxonomy":"product_brand","embeddable":true,"href":"https:\/\/cpacademy.ma\/ar\/wp-json\/wp\/v2\/product_brand?post=19312"},{"taxonomy":"product_cat","embeddable":true,"href":"https:\/\/cpacademy.ma\/ar\/wp-json\/wp\/v2\/product_cat?post=19312"},{"taxonomy":"product_tag","embeddable":true,"href":"https:\/\/cpacademy.ma\/ar\/wp-json\/wp\/v2\/product_tag?post=19312"}],"curies":[{"name":"wp","href":"https:\/\/api.w.org\/{rel}","templated":true}]}}