{"id":19313,"date":"2023-08-18T15:21:42","date_gmt":"2023-08-18T15:21:42","guid":{"rendered":"https:\/\/academy.cptechmaroc.ma\/?post_type=product&#038;p=19313"},"modified":"2023-08-18T15:24:08","modified_gmt":"2023-08-18T15:24:08","slug":"formation-videosurveillance-solaire-autonome-pdf","status":"publish","type":"product","link":"https:\/\/cpacademy.ma\/ar\/product\/formation-videosurveillance-solaire-autonome-pdf\/","title":{"rendered":"Formation vid\u00e9osurveillance solaire autonome PDF"},"content":{"rendered":"<h4 class=\"title\" style=\"color: #16e2f5; text-align: left;\"><strong>Extrait du sommaire:<\/strong><\/h4>\n<ul>\n<li>Notions d\u2019\u00e9nergie solaire.<\/li>\n<li>Cellules, modules photovolta\u00efques.<\/li>\n<li>Syst\u00e8mes vid\u00e9osurveillance et autonome off-grid.<\/li>\n<li>Le dimensionnement d\u2019un syst\u00e8me vid\u00e9osurveillance solaire autonome off-grid \u201cles principes g\u00e9n\u00e9raux\u201d.<\/li>\n<li>Choix et prix des \u00e9quipements.<\/li>\n<li>Les op\u00e9rations \u00e0 effectuer lors de l\u2019installation du syst\u00e8me vid\u00e9osurveillance solaire off-grid.<\/li>\n<li>Le fonctionnement et le r\u00f4le des diff\u00e9rant composant du syst\u00e8me vid\u00e9osurveillance solaire autonome.<\/li>\n<\/ul>","protected":false},"excerpt":{"rendered":"<h4 class=\"title\" style=\"color: #16e2f5; text-align: left;\"><strong>R\u00e9sum\u00e9<\/strong>:<\/h4>\n<p>Reconna\u00eetre \u00e0 partir de plans techniques et technologiques le fonctionnement des \u00e9quipements constituant une installation de vid\u00e9osurveillance solaire autonome off-grid.<\/p>\n<p>L\u2019identification des besoins du client, le dimensionnement des diff\u00e9rents \u00e9quipements et mat\u00e9riels constituant un syst\u00e8me de vid\u00e9osurveillance solaire.<\/p>\n<p>\u00c9tablir un devis qui r\u00e9pond aux attentes du client, assurer l\u2019installation, la mise en service, le contr\u00f4le, la livraison et la maintenance des installations solaires.<\/p>","protected":false},"featured_media":18908,"comment_status":"open","ping_status":"closed","template":"","meta":[],"product_brand":[],"product_cat":[149,36],"product_tag":[44,33,39,32],"class_list":{"0":"post-19313","1":"product","2":"type-product","3":"status-publish","4":"has-post-thumbnail","6":"product_cat-formations-sur-lenergie-solaire-pdf","7":"product_cat-hors-reseau","8":"product_tag-formations","9":"product_tag-livre","10":"product_tag-offgrid","11":"product_tag-photovoltaique","13":"first","14":"instock","15":"sale","16":"downloadable","17":"sold-individually","18":"shipping-taxable","19":"purchasable","20":"product-type-simple"},"_links":{"self":[{"href":"https:\/\/cpacademy.ma\/ar\/wp-json\/wp\/v2\/product\/19313","targetHints":{"allow":["GET"]}}],"collection":[{"href":"https:\/\/cpacademy.ma\/ar\/wp-json\/wp\/v2\/product"}],"about":[{"href":"https:\/\/cpacademy.ma\/ar\/wp-json\/wp\/v2\/types\/product"}],"replies":[{"embeddable":true,"href":"https:\/\/cpacademy.ma\/ar\/wp-json\/wp\/v2\/comments?post=19313"}],"wp:featuredmedia":[{"embeddable":true,"href":"https:\/\/cpacademy.ma\/ar\/wp-json\/wp\/v2\/media\/18908"}],"wp:attachment":[{"href":"https:\/\/cpacademy.ma\/ar\/wp-json\/wp\/v2\/media?parent=19313"}],"wp:term":[{"taxonomy":"product_brand","embeddable":true,"href":"https:\/\/cpacademy.ma\/ar\/wp-json\/wp\/v2\/product_brand?post=19313"},{"taxonomy":"product_cat","embeddable":true,"href":"https:\/\/cpacademy.ma\/ar\/wp-json\/wp\/v2\/product_cat?post=19313"},{"taxonomy":"product_tag","embeddable":true,"href":"https:\/\/cpacademy.ma\/ar\/wp-json\/wp\/v2\/product_tag?post=19313"}],"curies":[{"name":"wp","href":"https:\/\/api.w.org\/{rel}","templated":true}]}}